

{"id":1176,"date":"2018-01-30T13:40:41","date_gmt":"2018-01-30T12:40:41","guid":{"rendered":"https:\/\/www.europolish.com\/it\/?page_id=1176"},"modified":"2018-02-05T11:33:08","modified_gmt":"2018-02-05T10:33:08","slug":"homepage","status":"publish","type":"page","link":"https:\/\/www.europolish.com\/it\/homepage\/?lang=fr","title":{"rendered":"Homepage"},"content":{"rendered":"<div class=\"container \">\n<div class=\"row\"><div class=\"span4 offset\">\n<div class=\"epproduct home\">\n<p><a title=\"Prodotti\" href=\"http:\/\/www.europolish.com\/it\/fr\/produits\/\"><img loading=\"lazy\" decoding=\"async\" width=\"283\" height=\"95\" class=\"alignnone size-full wp-image-353\" src=\"http:\/\/www.europolish.com\/it\/wp-content\/uploads\/sites\/2\/2014\/11\/img-prodotti.jpg\" alt=\"produits\" \/><\/a><\/p>\n<h2><a title=\"Prodotti\" href=\"http:\/\/www.europolish.com\/it\/fr\/produits\/\">P\u00e2tes \u00e0 polir<\/a><\/h2>\n<p>P\u00e2tes liquides et solides et solutions de polisage <\/p>\n<div style=\"clear: both;\"><\/div>\n<\/div>\n<\/div>\n<div class=\"span4 offset\">\n<div class=\"epproduct home\">\n<p><a title=\"Applicazioni\" href=\"http:\/\/www.europolish.com\/it\/fr\/usages\/\"><img loading=\"lazy\" decoding=\"async\" width=\"250\" height=\"150\" class=\"alignnone size-full wp-image-470\" src=\"http:\/\/www.europolish.com\/it\/wp-content\/uploads\/sites\/2\/2014\/11\/applicazioni.jpg\" alt=\"usage\" \/><\/a><\/p>\n<h2><a title=\"Applicazioni\" href=\"http:\/\/www.europolish.com\/it\/fr\/usages\/\">Usage<\/a><\/h2>\n<p>Nos produits et leur usage<\/p>\n<div style=\"clear: both;\"><\/div>\n<\/div>\n<\/div>\n<div class=\"span4 offset\">\n<div class=\"epproduct home\">\n<p><a title=\"Equipaggiamenti\" href=\"http:\/\/www.europolish.com\/it\/fr\/equipements\/\"><img loading=\"lazy\" decoding=\"async\" width=\"250\" height=\"150\" class=\"alignnone size-full wp-image-472\" src=\"http:\/\/www.europolish.com\/it\/wp-content\/uploads\/sites\/2\/2014\/11\/equipaggiamenti.jpg\" alt=\"equipements\" \/><\/a><\/p>\n<h2><a title=\"Equipaggiamenti\" href=\"http:\/\/www.europolish.com\/it\/fr\/equipements\/\">Equipements<\/a><\/h2>\n<p>Pompes, citernes, pistolets \u00e0 pression<\/p>\n<div style=\"clear: both;\"><\/div>\n<\/div>\n<\/div><\/div>\n<p>&nbsp;<\/p>\n<div class=\"row\"><div class=\"span8 offset\">\n<p style=\"text-align: justify;\"><strong>EUROPOLISH<sup>\u00ae<\/sup><\/strong> S.R.L poss\u00e8de depuis 1960 une exp\u00e9rience significative du traitement de surface. C\u2019est gr\u00e2ce \u00e0 notre connaissance et notre savoir-faire que nous pouvons offrir un \u00e9ventail divers et complet de produits adapt\u00e9s \u00e0 un usage g\u00e9n\u00e9ral, tel que le polissage et le lustrage, mais \u00e9galement \u00e0 des usages et des demandes plus sp\u00e9cifiques telles que le rodage, l\u2019usinage, le tribofinition et le polissage.<\/p>\n<p style=\"text-align: justify;\">Du d\u00e9but \u00e0 la fin, nous nous concentrons sur le d\u00e9veloppement et la production de <strong>pates \u00e0 polir<\/strong> en gardant toujours \u00e0 l\u2019esprit une mission bien pr\u00e9cise :<\/p>\n    <div class=\"hr-title\">\n        <div><\/div>\n        <div class=\"title\"><h3>Mission<\/h3><\/div>\n        <div><\/div>\n    <\/div>\n    \n<p style=\"text-align: justify;\">REPONDRE AUX ATTENTES DE TOUS NOS CLIENTS GRACE A DE PRODUITS INNOVANTS, PERSONNALISES D\u2019UNE QUALITE EXCEPTIONNELLE ET CONSTANTE A UN PRIX COMPETITIF<\/p>\n<p>C\u2019est dans cette perspective que nous d\u00e9dions tous nos efforts et toutes nos ressources aux <strong>directives suivantes<\/strong>:<\/p>\n<p><a title=\"Philosophie\" href=\"http:\/\/www.europolish.com\/it\/fr\/philosophie\/\">En savoir plus&#8230;<\/a><\/p>\n<p>&nbsp;<\/p>\n    <div class=\"hr-title\">\n        <div><\/div>\n        <div class=\"title\"><h3>PoliEFUN<\/h3><\/div>\n        <div><\/div>\n    <\/div>\n    \n<img loading=\"lazy\" decoding=\"async\" width=\"150\" height=\"107\" class=\"alignleft size-full wp-image-846\" style=\"width: 150px;\" src=\"http:\/\/www.europolish.com\/it\/wp-content\/uploads\/sites\/2\/2014\/12\/poliefun.jpg\" alt=\"poliefun\" srcset=\"https:\/\/www.europolish.com\/it\/wp-content\/uploads\/sites\/2\/2014\/12\/poliefun.jpg 295w, https:\/\/www.europolish.com\/it\/wp-content\/uploads\/sites\/2\/2014\/12\/poliefun-285x203.jpg 285w\" sizes=\"auto, (max-width: 150px) 100vw, 150px\" \/> EUROPOLISH<sup>\u00ae<\/sup> s.r.l soutien le projet &#8220;<strong>PoliEFUN &#8211; Politecnico di Milano<\/strong>&#8221; pour la formation des jeunes sp\u00e9cialis\u00e9s dans le polisage<\/p>\n<div style=\"clear: both;\"><\/div>\n<p>&nbsp;<\/p>\n<\/div>\n<div class=\"span4 offset\">\n<div class=\"fb-page\" style=\"float: right; width: 300px;\" data-href=\"https:\/\/www.facebook.com\/pages\/EUROPOLISH\/157382511558\" data-width=\"300\" data-height=\"345\" data-hide-cover=\"true\" data-show-facepile=\"false\" data-show-posts=\"true\"><\/div>\n<div style=\"float: right; margin-top: 30px;\"><a href=\"http:\/\/www.europolish.it\/temi\/it\/\"><img loading=\"lazy\" decoding=\"async\" class=\"alignnone size-full wp-image-944\" src=\"http:\/\/www.europolish.it\/it\/wp-content\/uploads\/sites\/2\/2014\/11\/banner-temi-300x300-it.jpg\" alt=\"banner-temi-300x300-it\" width=\"300\" height=\"300\" srcset=\"https:\/\/www.europolish.com\/it\/wp-content\/uploads\/sites\/2\/2014\/11\/banner-temi-300x300-it.jpg 300w, https:\/\/www.europolish.com\/it\/wp-content\/uploads\/sites\/2\/2014\/11\/banner-temi-300x300-it-150x150.jpg 150w, https:\/\/www.europolish.com\/it\/wp-content\/uploads\/sites\/2\/2014\/11\/banner-temi-300x300-it-230x230.jpg 230w, https:\/\/www.europolish.com\/it\/wp-content\/uploads\/sites\/2\/2014\/11\/banner-temi-300x300-it-285x285.jpg 285w\" sizes=\"auto, (max-width: 300px) 100vw, 300px\" \/><\/a><\/div>\n<div style=\"clear: both;\"><\/div>\n<p>&nbsp;<\/p>\n<\/div><\/div><\/div>\n","protected":false},"excerpt":{"rendered":"","protected":false},"author":2,"featured_media":0,"parent":0,"menu_order":0,"comment_status":"open","ping_status":"open","template":"full-width.php","meta":{"footnotes":""},"class_list":["post-1176","page","type-page","status-publish","hentry"],"_links":{"self":[{"href":"https:\/\/www.europolish.com\/it\/wp-json\/wp\/v2\/pages\/1176","targetHints":{"allow":["GET"]}}],"collection":[{"href":"https:\/\/www.europolish.com\/it\/wp-json\/wp\/v2\/pages"}],"about":[{"href":"https:\/\/www.europolish.com\/it\/wp-json\/wp\/v2\/types\/page"}],"author":[{"embeddable":true,"href":"https:\/\/www.europolish.com\/it\/wp-json\/wp\/v2\/users\/2"}],"replies":[{"embeddable":true,"href":"https:\/\/www.europolish.com\/it\/wp-json\/wp\/v2\/comments?post=1176"}],"version-history":[{"count":2,"href":"https:\/\/www.europolish.com\/it\/wp-json\/wp\/v2\/pages\/1176\/revisions"}],"predecessor-version":[{"id":1252,"href":"https:\/\/www.europolish.com\/it\/wp-json\/wp\/v2\/pages\/1176\/revisions\/1252"}],"wp:attachment":[{"href":"https:\/\/www.europolish.com\/it\/wp-json\/wp\/v2\/media?parent=1176"}],"curies":[{"name":"wp","href":"https:\/\/api.w.org\/{rel}","templated":true}]}}