

{"id":1182,"date":"2018-01-30T13:49:32","date_gmt":"2018-01-30T12:49:32","guid":{"rendered":"https:\/\/www.europolish.com\/it\/?page_id=1182"},"modified":"2018-02-15T17:11:10","modified_gmt":"2018-02-15T16:11:10","slug":"technologie","status":"publish","type":"page","link":"https:\/\/www.europolish.com\/it\/technologie\/?lang=fr","title":{"rendered":"Technologie"},"content":{"rendered":"<div class=\"row\"><div class=\"span9 offset\"><img loading=\"lazy\" decoding=\"async\" class=\"alignnone size-full wp-image-847\" src=\"http:\/\/www.europolish.com\/it\/wp-content\/uploads\/sites\/2\/2014\/11\/da50anni.png\" alt=\"da50anni\" width=\"703\" height=\"64\" srcset=\"https:\/\/www.europolish.com\/it\/wp-content\/uploads\/sites\/2\/2014\/11\/da50anni.png 703w, https:\/\/www.europolish.com\/it\/wp-content\/uploads\/sites\/2\/2014\/11\/da50anni-300x27.png 300w, https:\/\/www.europolish.com\/it\/wp-content\/uploads\/sites\/2\/2014\/11\/da50anni-580x52.png 580w, https:\/\/www.europolish.com\/it\/wp-content\/uploads\/sites\/2\/2014\/11\/da50anni-384x34.png 384w, https:\/\/www.europolish.com\/it\/wp-content\/uploads\/sites\/2\/2014\/11\/da50anni-285x25.png 285w, https:\/\/www.europolish.com\/it\/wp-content\/uploads\/sites\/2\/2014\/11\/da50anni-285x25@2x.png 570w\" sizes=\"auto, (max-width: 703px) 100vw, 703px\" \/><\/p>\n<p align=\"justify\">Les investissements que nous d\u00e9dions \u00e0 notre processus de fabrication repr\u00e9sentent un avantage comp\u00e9titif. C\u2019est un facteur cl\u00e9 qui nous permet de mener \u00e0 bien notre mission. Ces investissements nous permettent d\u2019augmenter notre productivit\u00e9 et notre flexibilit\u00e9, mais c\u2019est tout d\u2019abord gr\u00e2ce \u00e0 ces derniers que nous pouvons assurer \u00e0 notre client\u00e8le des standards \u00e9lev\u00e9s fond\u00e9s sur le long-terme:<\/p>\n<ul>\n<li>\n<p align=\"justify\"><strong>Syst\u00e8me de production sous supervision d\u2019un ordinateur PC-PLC: <\/strong>un syst\u00e8me unique et innovant bas\u00e9 sur un processus automatis\u00e9 qui prend en charge les \u00e9tapes les plus importantes de la production: l\u2019ordinateur contr\u00f4le les formules, le chargement des r\u00e9acteurs, les temp\u00e9ratures, les alarmes, les emballages et tout autre aspect d\u00e9licat li\u00e9 \u00e0 la fabrication des composants.<\/p>\n<\/li>\n<\/ul>\n<ul>\n<li>\n<p align=\"justify\"><strong>Syst\u00e8me de suivi informatis\u00e9: <\/strong>double contr\u00f4le de chaque \u00e9tape de production pour r\u00e9pondre le plus vite possible aux demandes de nos clients.<\/p>\n<\/li>\n<\/ul>\n<ul>\n<li>\n<p align=\"justify\"><strong>Syst\u00e8me de contr\u00f4le qualit\u00e9 informatis\u00e9: <\/strong>un innovant processus de contr\u00f4le qualit\u00e9 et de suivi du mat\u00e9riel pendant la production gr\u00e2ce \u00e0 nos ordinateurs et \u00e0 notre r\u00e9seau sans fil.<\/p>\n<\/li>\n<\/ul>\n<ul>\n<li>\n<p align=\"justify\"><strong>Processus et proc\u00e9dures crypt\u00e9s, formation continue, grande attention \u00e0 la s\u00e9curit\u00e9 des produits, des personnes et de l\u2019environnement.<\/strong><\/p>\n<\/li>\n<\/ul>\n<p align=\"justify\">Europolish tire sa fiert\u00e9 de l\u2019utilisation de syst\u00e8mes et technologies probablement les plus avanc\u00e9s au monde dans son domaine. Nos investissements, notre savoir-faire, notre esprit de collaboration et notre \u00e9quipe exp\u00e9riment\u00e9e et fid\u00e8le sont enti\u00e8rement d\u00e9vou\u00e9s \u00e0 notre client\u00e8le. Chaque jour, nos Clients pourront constater que nous faisons preuve de flexibilit\u00e9, et que nous prodiguons des rapports et des contr\u00f4les avant et au-del\u00e0 de la production.<\/p>\n<p align=\"left\"><em><strong>Giuseppe Vigevani <\/strong><\/em><br \/>\nPDG<\/p>\n<\/div>\n<div class=\"span3 offset\"><img loading=\"lazy\" decoding=\"async\" class=\"alignnone size-full wp-image-24 greenborder\" src=\"http:\/\/www.europolish.com\/it\/wp-content\/uploads\/sites\/2\/2014\/11\/silos-esterni-verticali.jpg\" alt=\"tec03\" width=\"250\" height=\"350\" \/><br \/>\n<img loading=\"lazy\" decoding=\"async\" class=\"alignnone size-full wp-image-26 greenborder\" src=\"http:\/\/www.europolish.com\/it\/wp-content\/uploads\/sites\/2\/2014\/11\/computer-quadrato.jpg\" alt=\"sitema_computerizzato-2\" width=\"250\" height=\"191\" \/><br \/>\n<img loading=\"lazy\" decoding=\"async\" class=\"alignnone size-full wp-image-27 greenborder\" src=\"http:\/\/www.europolish.com\/it\/wp-content\/uploads\/sites\/2\/2014\/11\/boccette-trasparenti.jpg\" alt=\"tec01\" width=\"250\" height=\"191\" \/><br \/>\n<\/div><\/div>\n","protected":false},"excerpt":{"rendered":"","protected":false},"author":2,"featured_media":0,"parent":0,"menu_order":0,"comment_status":"open","ping_status":"open","template":"","meta":{"footnotes":""},"class_list":["post-1182","page","type-page","status-publish","hentry"],"_links":{"self":[{"href":"https:\/\/www.europolish.com\/it\/wp-json\/wp\/v2\/pages\/1182","targetHints":{"allow":["GET"]}}],"collection":[{"href":"https:\/\/www.europolish.com\/it\/wp-json\/wp\/v2\/pages"}],"about":[{"href":"https:\/\/www.europolish.com\/it\/wp-json\/wp\/v2\/types\/page"}],"author":[{"embeddable":true,"href":"https:\/\/www.europolish.com\/it\/wp-json\/wp\/v2\/users\/2"}],"replies":[{"embeddable":true,"href":"https:\/\/www.europolish.com\/it\/wp-json\/wp\/v2\/comments?post=1182"}],"version-history":[{"count":2,"href":"https:\/\/www.europolish.com\/it\/wp-json\/wp\/v2\/pages\/1182\/revisions"}],"predecessor-version":[{"id":1265,"href":"https:\/\/www.europolish.com\/it\/wp-json\/wp\/v2\/pages\/1182\/revisions\/1265"}],"wp:attachment":[{"href":"https:\/\/www.europolish.com\/it\/wp-json\/wp\/v2\/media?parent=1182"}],"curies":[{"name":"wp","href":"https:\/\/api.w.org\/{rel}","templated":true}]}}