

{"id":1256,"date":"2018-02-15T11:11:12","date_gmt":"2018-02-15T10:11:12","guid":{"rendered":"https:\/\/www.europolish.com\/it\/?page_id=1256"},"modified":"2018-02-15T17:10:15","modified_gmt":"2018-02-15T16:10:15","slug":"conditions-generales-de-vente","status":"publish","type":"page","link":"https:\/\/www.europolish.com\/it\/conditions-generales-de-vente\/?lang=fr","title":{"rendered":"Conditions g\u00e9n\u00e9rales de vente"},"content":{"rendered":"<p style=\"text-align:justify;\">La vente de ces produits (leur quotation et\/ou confirmation de commande et\/ou facture pro-forma) est inti\u00e8rment r\u00e9gl\u00e9e par les Conditions G\u00e9n\u00e9rales de Vente vers. n. 01\/2013 sauf indication contraire. Pri\u00e8re de nous signaler imm\u00e9diatement toute erreur. Les modifications seront accept\u00e9es seulement par notification \u00e9crite. Pri\u00e8re de bien vouloir noter que l&#8217;usage des produits suppose l&#8217;acceptation totale desdites conditions sauf indication contraire \u00e9crite.<\/p>\n    <div class=\"hr-title\">\n        <div><\/div>\n        <div class=\"title\"><h3>Download<\/h3><\/div>\n        <div><\/div>\n    <\/div>\n    \n<p><a href=\"https:\/\/www.europolish.com\/it\/wp-content\/uploads\/sites\/2\/2015\/06\/general-terms-and-conditions-of-sale.pdf\" target=\"_blank\"><img loading=\"lazy\" decoding=\"async\" src=\"https:\/\/www.europolish.com\/it\/wp-content\/uploads\/sites\/2\/2014\/12\/pdf.png\" alt=\"pdf\" width=\"50\" height=\"50\" class=\"alignnone size-full wp-image-577\" style=\"vertical-align: middle;\"\/> Conditions g\u00e9n\u00e9rales de vente<\/a><\/p>\n<p><a href=\"https:\/\/www.europolish.com\/it\/wp-content\/uploads\/sites\/2\/2014\/12\/Scheda-Tecnica-Polifluid-ENGA.pdf\" target=\"_blank\"><img loading=\"lazy\" decoding=\"async\" src=\"https:\/\/www.europolish.com\/it\/wp-content\/uploads\/sites\/2\/2014\/12\/pdf.png\" alt=\"pdf\" width=\"50\" height=\"50\" class=\"alignnone size-full wp-image-577\" style=\"vertical-align: middle;\"\/> FICHE TECNIQUE Polifluid<\/a><\/p>\n<p><a href=\"https:\/\/www.europolish.com\/it\/wp-content\/uploads\/sites\/2\/2014\/12\/Scheda-Tecnica-Polisol-ENGB.pdf\" target=\"_blank\"><img loading=\"lazy\" decoding=\"async\" src=\"https:\/\/www.europolish.com\/it\/wp-content\/uploads\/sites\/2\/2014\/12\/pdf.png\" alt=\"pdf\" width=\"50\" height=\"50\" class=\"alignnone size-full wp-image-577\" style=\"vertical-align: middle;\"\/> FICHE TECNIQUE Polisol<\/a><\/p>\n","protected":false},"excerpt":{"rendered":"<p>La vente de ces produits (leur quotation et\/ou confirmation de commande et\/ou facture pro-forma) est inti\u00e8rment r\u00e9gl\u00e9e par les Conditions G\u00e9n\u00e9rales de Vente vers. n. 01\/2013 sauf indication contraire. Pri\u00e8re de nous signaler imm\u00e9diatement toute erreur. Les modifications seront accept\u00e9es seulement par notification \u00e9crite. Pri\u00e8re de bien vouloir noter que l&#8217;usage des produits suppose l&#8217;acceptation [&hellip;]<\/p>\n","protected":false},"author":2,"featured_media":0,"parent":0,"menu_order":0,"comment_status":"open","ping_status":"open","template":"","meta":{"footnotes":""},"class_list":["post-1256","page","type-page","status-publish","hentry"],"_links":{"self":[{"href":"https:\/\/www.europolish.com\/it\/wp-json\/wp\/v2\/pages\/1256","targetHints":{"allow":["GET"]}}],"collection":[{"href":"https:\/\/www.europolish.com\/it\/wp-json\/wp\/v2\/pages"}],"about":[{"href":"https:\/\/www.europolish.com\/it\/wp-json\/wp\/v2\/types\/page"}],"author":[{"embeddable":true,"href":"https:\/\/www.europolish.com\/it\/wp-json\/wp\/v2\/users\/2"}],"replies":[{"embeddable":true,"href":"https:\/\/www.europolish.com\/it\/wp-json\/wp\/v2\/comments?post=1256"}],"version-history":[{"count":3,"href":"https:\/\/www.europolish.com\/it\/wp-json\/wp\/v2\/pages\/1256\/revisions"}],"predecessor-version":[{"id":1264,"href":"https:\/\/www.europolish.com\/it\/wp-json\/wp\/v2\/pages\/1256\/revisions\/1264"}],"wp:attachment":[{"href":"https:\/\/www.europolish.com\/it\/wp-json\/wp\/v2\/media?parent=1256"}],"curies":[{"name":"wp","href":"https:\/\/api.w.org\/{rel}","templated":true}]}}