

{"id":1276,"date":"2018-05-31T15:04:20","date_gmt":"2018-05-31T14:04:20","guid":{"rendered":"https:\/\/www.europolish.com\/it\/?page_id=1276"},"modified":"2018-06-04T08:18:02","modified_gmt":"2018-06-04T07:18:02","slug":"homepage-2","status":"publish","type":"page","link":"https:\/\/www.europolish.com\/it\/homepage-2\/?lang=es","title":{"rendered":"Homepage"},"content":{"rendered":"<div class=\"container \">\n<div class=\"row\"><div class=\"span4 offset\">\n<div class=\"epproduct home\">\n<p><a title=\"Prodotti\" href=\"https:\/\/www.europolish.com\/it\/prodotti\/\"><img loading=\"lazy\" decoding=\"async\" width=\"283\" height=\"95\" class=\"alignnone size-full wp-image-353\" src=\"https:\/\/www.europolish.com\/it\/wp-content\/uploads\/sites\/2\/2014\/11\/img-prodotti.jpg\" alt=\"img-prodotti\" \/><\/a><\/p>\n<h2><a title=\"Productos\" href=\"https:\/\/www.europolish.com\/it\/es\/productos\/\">Pastas de pulir<\/a><\/h2>\n<p>Pastas l\u00edquidas, solidas y emulsiones<\/p>\n<div style=\"clear: both;\"><\/div>\n<\/div>\n<\/div>\n<div class=\"span4 offset\">\n<div class=\"epproduct home\">\n<p><a title=\"Applicazioni\" href=\"https:\/\/www.europolish.com\/it\/applicazioni\/\"><img loading=\"lazy\" decoding=\"async\" width=\"250\" height=\"150\" class=\"alignnone size-full wp-image-470\" src=\"https:\/\/www.europolish.com\/it\/wp-content\/uploads\/sites\/2\/2014\/11\/applicazioni.jpg\" alt=\"applicazioni\" \/><\/a><\/p>\n<h2><a title=\"Usos\" href=\"https:\/\/www.europolish.com\/it\/es\/usos\/\">Usos<\/a><\/h2>\n<p>Nuestos productos y sus aplicaciones<\/p>\n<div style=\"clear: both;\"><\/div>\n<\/div>\n<\/div>\n<div class=\"span4 offset\">\n<div class=\"epproduct home\">\n<p><a title=\"Equipaggiamenti\" href=\"https:\/\/www.europolish.com\/it\/equipaggiamenti\/\"><img loading=\"lazy\" decoding=\"async\" width=\"250\" height=\"150\" class=\"alignnone size-full wp-image-472\" src=\"https:\/\/www.europolish.com\/it\/wp-content\/uploads\/sites\/2\/2014\/11\/equipaggiamenti.jpg\" alt=\"equipaggiamenti\" \/><\/a><\/p>\n<h2><a title=\"Herramientas\" href=\"https:\/\/www.europolish.com\/it\/es\/herramientas\/\">Herramientas<\/a><\/h2>\n<p>Bombas, cisternas, pistolas a presi\u00f3n<\/p>\n<div style=\"clear: both;\"><\/div>\n<\/div>\n<\/div><\/div>\n<p>&nbsp;<\/p>\n<div class=\"row\"><div class=\"span8 offset\">\n<p style=\"text-align: justify;\"><strong>EUROPOLISH<sup>\u00ae<\/sup> S.r.l. se funda tras una larga tradici\u00f3n y experiencia en el tratamiento de las superficies iniciada en los a\u00f1os 60.<\/strong> Gracias a un gran trabajo \u201cen el campo\u201d, hoy podemos ofrecer una gama extremadamente completa de productos no solo para las aplicaciones m\u00e1s comunes de pulido y abillantado, sino tambi\u00e9n para operaciones m\u00e1s particulares como lapeado, lijado-AFM y vibroacabado.<\/p>\n<p style=\"text-align: justify;\">Desde el principio, nos hemos especializado totalmente en el desarrollo y <strong>en la producci\u00f3n de abrasivos<\/strong>, teniendo bien claro nuestra misi\u00f3n.<\/p>\n    <div class=\"hr-title\">\n        <div><\/div>\n        <div class=\"title\"><h3>Misi\u00f3n<\/h3><\/div>\n        <div><\/div>\n    <\/div>\n    \n<p style=\"text-align: justify;\">SATISFACER COMPLETAMENTE LAS EXIGENCIAS DE LOS CLIENTES A NIVEL MUNDIAL CON PRODUCTOS INNOVADORES Y PERSONALIZADOS DE CALIDAD ELEVADA, UNIFORME Y CONSISITENTE A UN PRECIO COMPETITIVO.<\/p>\n<p>Es bajo este claro objetivo que hemos definido nuestra actividad, nuestros recursos y las inversiones siguiendo <strong>precisas directivas<\/strong>:<\/p>\n<p><a title=\"Filosof\u00eda\" href=\"https:\/\/www.europolish.com\/it\/es\/filosofia\/\">Descubre m\u00e1s&#8230;<\/a><\/p>\n<p>&nbsp;<\/p>\n    <div class=\"hr-title\">\n        <div><\/div>\n        <div class=\"title\"><h3>PoliEFUN<\/h3><\/div>\n        <div><\/div>\n    <\/div>\n    \n<img loading=\"lazy\" decoding=\"async\" width=\"150\" height=\"107\" class=\"alignleft size-full wp-image-846\" style=\"width: 150px;\" src=\"https:\/\/www.europolish.com\/it\/wp-content\/uploads\/sites\/2\/2014\/12\/poliefun.jpg\" alt=\"poliefun\" srcset=\"https:\/\/www.europolish.com\/it\/wp-content\/uploads\/sites\/2\/2014\/12\/poliefun.jpg 295w, https:\/\/www.europolish.com\/it\/wp-content\/uploads\/sites\/2\/2014\/12\/poliefun-285x203.jpg 285w\" sizes=\"auto, (max-width: 150px) 100vw, 150px\" \/> EUROPOLISH<sup>\u00ae<\/sup> S.r.l. apoya &#8220;PoliEFUN &#8211; Politecnico di Milano&#8221; para la formaci\u00f3n de estudiantes especializados en el pulido de las superficies! <\/p>\n<div style=\"clear: both;\"><\/div>\n<p>&nbsp;<\/p>\n<\/div>\n<div class=\"span4 offset\">\n<div class=\"fb-page\" style=\"float: right; width: 300px;\" data-href=\"https:\/\/www.facebook.com\/pages\/EUROPOLISH\/157382511558\" data-width=\"300\" data-height=\"345\" data-hide-cover=\"true\" data-show-facepile=\"false\" data-show-posts=\"true\"><\/div>\n<div style=\"float: right; margin-top: 30px;\"><a href=\"https:\/\/www.europolish.com\/temi\/it\/\"><img loading=\"lazy\" decoding=\"async\" class=\"alignnone size-full wp-image-944\" src=\"https:\/\/www.europolish.com\/it\/wp-content\/uploads\/sites\/2\/2014\/11\/banner-temi-300x300-it.jpg\" alt=\"banner-temi-300x300-it\" width=\"300\" height=\"300\" srcset=\"https:\/\/www.europolish.com\/it\/wp-content\/uploads\/sites\/2\/2014\/11\/banner-temi-300x300-it.jpg 300w, https:\/\/www.europolish.com\/it\/wp-content\/uploads\/sites\/2\/2014\/11\/banner-temi-300x300-it-150x150.jpg 150w, https:\/\/www.europolish.com\/it\/wp-content\/uploads\/sites\/2\/2014\/11\/banner-temi-300x300-it-230x230.jpg 230w, https:\/\/www.europolish.com\/it\/wp-content\/uploads\/sites\/2\/2014\/11\/banner-temi-300x300-it-285x285.jpg 285w\" sizes=\"auto, (max-width: 300px) 100vw, 300px\" \/><\/a><\/div>\n<div style=\"clear: both;\"><\/div>\n<p>&nbsp;<\/p>\n<\/div><\/div><\/div>\n","protected":false},"excerpt":{"rendered":"","protected":false},"author":2,"featured_media":0,"parent":0,"menu_order":0,"comment_status":"open","ping_status":"open","template":"full-width.php","meta":{"footnotes":""},"class_list":["post-1276","page","type-page","status-publish","hentry"],"_links":{"self":[{"href":"https:\/\/www.europolish.com\/it\/wp-json\/wp\/v2\/pages\/1276","targetHints":{"allow":["GET"]}}],"collection":[{"href":"https:\/\/www.europolish.com\/it\/wp-json\/wp\/v2\/pages"}],"about":[{"href":"https:\/\/www.europolish.com\/it\/wp-json\/wp\/v2\/types\/page"}],"author":[{"embeddable":true,"href":"https:\/\/www.europolish.com\/it\/wp-json\/wp\/v2\/users\/2"}],"replies":[{"embeddable":true,"href":"https:\/\/www.europolish.com\/it\/wp-json\/wp\/v2\/comments?post=1276"}],"version-history":[{"count":5,"href":"https:\/\/www.europolish.com\/it\/wp-json\/wp\/v2\/pages\/1276\/revisions"}],"predecessor-version":[{"id":1281,"href":"https:\/\/www.europolish.com\/it\/wp-json\/wp\/v2\/pages\/1276\/revisions\/1281"}],"wp:attachment":[{"href":"https:\/\/www.europolish.com\/it\/wp-json\/wp\/v2\/media?parent=1276"}],"curies":[{"name":"wp","href":"https:\/\/api.w.org\/{rel}","templated":true}]}}