

{"id":1282,"date":"2018-05-31T15:28:17","date_gmt":"2018-05-31T14:28:17","guid":{"rendered":"https:\/\/www.europolish.com\/it\/?page_id=1282"},"modified":"2018-05-31T15:40:21","modified_gmt":"2018-05-31T14:40:21","slug":"filosofia","status":"publish","type":"page","link":"https:\/\/www.europolish.com\/it\/filosofia\/?lang=es","title":{"rendered":"Filosof\u00eda"},"content":{"rendered":"<div class=\"row\"><div class=\"span9 offset\"><img loading=\"lazy\" decoding=\"async\" class=\"alignnone size-full wp-image-847\" src=\"https:\/\/www.europolish.com\/it\/wp-content\/uploads\/sites\/2\/2014\/11\/da50anni.png\" alt=\"da50anni\" width=\"703\" height=\"64\" srcset=\"https:\/\/www.europolish.com\/it\/wp-content\/uploads\/sites\/2\/2014\/11\/da50anni.png 703w, https:\/\/www.europolish.com\/it\/wp-content\/uploads\/sites\/2\/2014\/11\/da50anni-300x27.png 300w, https:\/\/www.europolish.com\/it\/wp-content\/uploads\/sites\/2\/2014\/11\/da50anni-580x52.png 580w, https:\/\/www.europolish.com\/it\/wp-content\/uploads\/sites\/2\/2014\/11\/da50anni-384x34.png 384w, https:\/\/www.europolish.com\/it\/wp-content\/uploads\/sites\/2\/2014\/11\/da50anni-285x25.png 285w, https:\/\/www.europolish.com\/it\/wp-content\/uploads\/sites\/2\/2014\/11\/da50anni-285x25@2x.png 570w\" sizes=\"auto, (max-width: 703px) 100vw, 703px\" \/><\/p>\n<p align=\"justify\"><strong>EUROPOLISH<sup>\u00ae<\/sup> se funda tras una larga tradici\u00f3n y experiencia en el tratamiento de las superficies iniciada en los a\u00f1os 60. <\/strong>Gracias a un gran trabajo \u201cen el campo\u201d, hoy podemos ofrecer una gama extremadamente completa de productos no solo para las aplicaciones m\u00e1s comunes de pulido y abillantado, sino tambi\u00e9n para operaciones m\u00e1s particulares como lapeado, lijado-AFM y vibroacabado.<\/p>\n<p align=\"justify\">Desde el principio, nos hemos especializado totalmente en el desarrollo y en la producci\u00f3n de abrasivos, teniendo bien claro nuestra misi\u00f3n:<\/p>\n<p align=\"justify\"><strong>SATISFACER COMPLETAMENTE <\/strong><\/p>\n<p align=\"justify\"><strong>LAS EXIGENCIAS DE LOS CLIENTES A NIVEL MUNDIAL<\/strong><\/p>\n<p align=\"justify\"><strong>CON PRODOTTI INNOVATIVI ED ALTAMENTE PERSONALIZZATI<\/strong><\/p>\n<p align=\"justify\"><strong>CON PRODUCTOS INNOVADORES Y PERSONALIZADOS DE CALIDAD ELEVADA, UNIFORME Y CONSISITENTE<\/strong><\/p>\n<p align=\"justify\"><strong>A UN PRECIO COMPETITIVO.<\/strong><\/p>\n<p>Es bajo este claro objetivo que hemos definido nuestra actividad, nuestros recursos y las inversiones siguiendo <strong>precisas directivas<\/strong>:<\/p>\n<ul>\n<li>\n<p align=\"justify\"><strong>B\u00daSQUEDA &amp; DESARROLLO de nuevas f\u00f3rmulas siempre m\u00e1s eficaces, seguras y competitivas. <\/strong>Estudiamos continuamente nuevos productos y mejoramos los existentes para poder garantizar los mejores est\u00e1ndares cualitativo a trav\u00e9s de tecnolog\u00edas innovadoras.<\/p>\n<\/li>\n<\/ul>\n<ul>\n<li>\n<p align=\"justify\"><strong>B\u00daSQUEDA &amp; SELECCI\u00d3N a nivel global de las materias primas.<\/strong>Se buscan continuamente nuevas materias primas o m\u00e1s eficientes desde proveedores cualificados que garantizan la m\u00e1xima continuidad y confianza de los suministros.<\/p>\n<\/li>\n<\/ul>\n<ul>\n<li>\n<p align=\"justify\"><strong>ELEVADA AUTOMATIZACI\u00d3N DEL PROCESO PRODUCTIVO Y DE LOS CONTROLES DE CALIDAD. <\/strong>Pioneros en nuestro sector, hemos implementado las m\u00e1ximas tecnolog\u00edas existentes, desarrollando un sistema de almacenamiento, carga de reactores, embalaje y control de calidad completamente automatizado, todo gracias tambi\u00e9n a importantes colaboraciones.<\/p>\n<\/li>\n<\/ul>\n<ul>\n<li>\n<p align=\"justify\"><strong>CONSTRUIR &amp; CRECER en colaboraciones serias y de largo plazo con clientes, comerciantes, revendedores y proveedores importantes.<\/strong><\/p>\n<\/li>\n<\/ul>\n<ul>\n<li>\n<p align=\"justify\"><strong>CREAR &amp; DESARROLAR UNA PRESENCIA GLOBAL A TRAV\u00c9S DE UNA RED DE VENTA RAMIFICADA.<\/strong><\/p>\n<\/li>\n<\/ul>\n<\/div>\n<div class=\"span3 offset\">\n<img loading=\"lazy\" decoding=\"async\" class=\"alignnone size-full wp-image-19 greenborder\" src=\"https:\/\/www.europolish.com\/it\/wp-content\/uploads\/sites\/2\/2014\/11\/fil03.jpg\" alt=\"fil03\" width=\"250\" height=\"191\" \/><br \/>\n<img loading=\"lazy\" decoding=\"async\" class=\"alignnone size-full wp-image-20 greenborder\" src=\"https:\/\/www.europolish.com\/it\/wp-content\/uploads\/sites\/2\/2014\/11\/fil01.jpg\" alt=\"fil01\" width=\"250\" height=\"191\" \/><br \/>\n<img loading=\"lazy\" decoding=\"async\" class=\"alignnone size-full wp-image-21 greenborder\" src=\"https:\/\/www.europolish.com\/it\/wp-content\/uploads\/sites\/2\/2014\/11\/fil02.jpg\" width=\"250\" height=\"191\" \/><br \/>\n<img loading=\"lazy\" decoding=\"async\" class=\"alignnone size-full wp-image-22 greenborder\" src=\"https:\/\/www.europolish.com\/it\/wp-content\/uploads\/sites\/2\/2014\/11\/tec02.jpg\" alt=\"tec02\" width=\"250\" height=\"191\" \/><br \/>\n<\/div><\/div>\n","protected":false},"excerpt":{"rendered":"","protected":false},"author":2,"featured_media":0,"parent":0,"menu_order":0,"comment_status":"open","ping_status":"open","template":"","meta":{"footnotes":""},"class_list":["post-1282","page","type-page","status-publish","hentry"],"_links":{"self":[{"href":"https:\/\/www.europolish.com\/it\/wp-json\/wp\/v2\/pages\/1282","targetHints":{"allow":["GET"]}}],"collection":[{"href":"https:\/\/www.europolish.com\/it\/wp-json\/wp\/v2\/pages"}],"about":[{"href":"https:\/\/www.europolish.com\/it\/wp-json\/wp\/v2\/types\/page"}],"author":[{"embeddable":true,"href":"https:\/\/www.europolish.com\/it\/wp-json\/wp\/v2\/users\/2"}],"replies":[{"embeddable":true,"href":"https:\/\/www.europolish.com\/it\/wp-json\/wp\/v2\/comments?post=1282"}],"version-history":[{"count":4,"href":"https:\/\/www.europolish.com\/it\/wp-json\/wp\/v2\/pages\/1282\/revisions"}],"predecessor-version":[{"id":1286,"href":"https:\/\/www.europolish.com\/it\/wp-json\/wp\/v2\/pages\/1282\/revisions\/1286"}],"wp:attachment":[{"href":"https:\/\/www.europolish.com\/it\/wp-json\/wp\/v2\/media?parent=1282"}],"curies":[{"name":"wp","href":"https:\/\/api.w.org\/{rel}","templated":true}]}}