

{"id":1343,"date":"2018-06-05T08:42:33","date_gmt":"2018-06-05T07:42:33","guid":{"rendered":"https:\/\/www.europolish.com\/it\/?page_id=1343"},"modified":"2018-06-05T10:04:37","modified_gmt":"2018-06-05T09:04:37","slug":"herramientas","status":"publish","type":"page","link":"https:\/\/www.europolish.com\/it\/herramientas\/?lang=es","title":{"rendered":"Herramientas"},"content":{"rendered":"<div class=\"container \">\n<p>&nbsp;<\/p>\n<div class=\"row\"><div class=\"span3 offset\"><a href=\"#siletti\"><img loading=\"lazy\" decoding=\"async\" src=\"https:\/\/www.europolish.com\/it\/wp-content\/uploads\/sites\/2\/2014\/11\/siletti1.jpg\" alt=\"siletti\" width=\"270\" height=\"150\" class=\"alignnone size-full wp-image-1054\" \/><\/a><\/p>\n<h2 style=\"margin-top: 0px; text-align: center;\"><a href=\"#siletti\">Tanques TC<\/a><\/h2>\n<\/div>\n<div class=\"span3 offset\"><a href=\"#pompe\"><img loading=\"lazy\" decoding=\"async\" src=\"https:\/\/www.europolish.com\/it\/wp-content\/uploads\/sites\/2\/2014\/11\/pompe-membrana1.jpg\" alt=\"pompe-membrana\" width=\"270\" height=\"150\" class=\"alignnone size-full wp-image-1056\" \/><\/a><\/p>\n<h2 style=\"margin-top: 0px; text-align: center;\"><a href=\"#pompe\">Bombas<\/a><\/h2>\n<\/div>\n<div class=\"span3 offset\"><a href=\"#pistole\"><img loading=\"lazy\" decoding=\"async\" src=\"https:\/\/www.europolish.com\/it\/wp-content\/uploads\/sites\/2\/2014\/11\/img-pistole1.jpg\" alt=\"img-pistole\" width=\"270\" height=\"150\" class=\"alignnone size-full wp-image-1055\" \/><\/a><\/p>\n<h2 style=\"margin-top: 0px; text-align: center;\"><a href=\"#pistole\">Pistolas de alta y baja presi\u00f3n<\/a><\/h2>\n<\/div>\n<div class=\"span3 offset\"><a href=\"#ugelli\"><img loading=\"lazy\" decoding=\"async\" src=\"https:\/\/www.europolish.com\/it\/wp-content\/uploads\/sites\/2\/2014\/11\/img-ugelli1.jpg\" alt=\"img-ugelli\" width=\"270\" height=\"150\" class=\"alignnone size-full wp-image-1057\" \/><\/a><\/p>\n<h2 style=\"margin-top: 0;\"><\/h2>\n<h2 style=\"margin-top: 0px; text-align: center;\"><a href=\"#ugelli\">Conectores<\/a><\/h2>\n<p style=\"text-align: center;\"><\/div><\/div>\n<p><a name=\"siletti\"><\/a>    <div class=\"hr-title\">\n        <div><\/div>\n        <div class=\"title\"><h3>Tanques TC<\/h3><\/div>\n        <div><\/div>\n    <\/div>\n    \n<h4><strong>TANQUES 400 KG<\/strong><\/h4>\n<p><img loading=\"lazy\" decoding=\"async\" class=\"alignnone size-full wp-image-279\" src=\"https:\/\/www.europolish.com\/it\/wp-content\/uploads\/sites\/2\/2014\/11\/siletto01.gif\" alt=\"siletto01\" width=\"300\" height=\"400\" \/> <img loading=\"lazy\" decoding=\"async\" class=\"alignnone size-full wp-image-280\" src=\"https:\/\/www.europolish.com\/it\/wp-content\/uploads\/sites\/2\/2014\/11\/siletto03.gif\" alt=\"siletto03\" width=\"670\" height=\"387\" \/><\/p>\n<h4><strong>TANQUES 1200 KG<\/strong><\/h4>\n<p><img loading=\"lazy\" decoding=\"async\" class=\"alignleft size-full wp-image-284\" src=\"https:\/\/www.europolish.com\/it\/wp-content\/uploads\/sites\/2\/2014\/11\/siletto02.gif\" alt=\"siletto02\" width=\"300\" height=\"400\" \/> <img loading=\"lazy\" decoding=\"async\" class=\"alignnone size-full wp-image-999\" src=\"https:\/\/www.europolish.com\/it\/wp-content\/uploads\/sites\/2\/2014\/11\/tanica.png\" alt=\"2130-AS-02---TC10-L---S-600\" width=\"429\" height=\"600\" \/><\/p>\n<p><a name=\"pompe\"><\/a>    <div class=\"hr-title\">\n        <div><\/div>\n        <div class=\"title\"><h3>Bombas<\/h3><\/div>\n        <div><\/div>\n    <\/div>\n    <div class=\"row\"><div class=\"span4 offset\">\n<h4><strong>BOMBAS A MEMBRANA<\/strong><\/h4>\n<p><img loading=\"lazy\" decoding=\"async\" class=\"alignnone size-full wp-image-286\" src=\"https:\/\/www.europolish.com\/it\/wp-content\/uploads\/sites\/2\/2014\/11\/pompa-500A.jpg\" alt=\"bombas-a-membrana\" width=\"169\" height=\"205\" \/><\/div>\n<div class=\"span8 offset\">\n<table class=\"eptable\">\n<tbody>\n<tr>\n<th colspan=\"2\">BOMBA PM 500 &#8211; ENGANCHE 1&#8243;<\/th>\n<\/tr>\n<tr>\n<td>PRESI\u00d3N<\/td>\n<td width=\"33%\">1:1<\/td>\n<\/tr>\n<tr class=\"pari\">\n<td>PRESI\u00d3N MAX<\/td>\n<td>9 bar \/ 0,9 MPa<\/td>\n<\/tr>\n<tr>\n<td>PRESI\u00d3N AIRE<\/td>\n<td>2\u00f710 bar \/ 0,2\u00f71 MPa<\/td>\n<\/tr>\n<tr class=\"pari\">\n<td>ALCANCE POR DOSIS<\/td>\n<td>0,500 l<\/td>\n<\/tr>\n<tr>\n<td>ALCANCE M\u00c1XIMO<\/td>\n<td>75 l\/min<\/td>\n<\/tr>\n<tr class=\"pari\">\n<td>ALCANCE M\u00c1X. RECOMENDADO<\/td>\n<td>50 l\/min<\/td>\n<\/tr>\n<tr>\n<td>RUIDO<\/td>\n<td>81 dB(A)<\/td>\n<\/tr>\n<tr class=\"pari\">\n<td>DIAMETRO EMPALMES: FLUIDOS<\/td>\n<td>1&#8243; BSP<\/td>\n<\/tr>\n<tr>\n<td>DIAMETRO EMPALMES: AIRE<\/td>\n<td>1\/4&#8243; BSP<\/td>\n<\/tr>\n<tr class=\"pari\">\n<td>TEMPERATURA M\u00c1X.<\/td>\n<td>85\u00b0 C<\/td>\n<\/tr>\n<tr>\n<td>PESO MOD. ALUMINIO<\/td>\n<td>13,8 Kg<\/td>\n<\/tr>\n<\/tbody>\n<\/table>\n<\/div><\/div>\n<p style=\"text-align: right;\"><a href=\"#\">Volver Arriba <\/a><\/p>\n<p><a name=\"pistole\"><\/a>    <div class=\"hr-title\">\n        <div><\/div>\n        <div class=\"title\"><h3>Pistolas<\/h3><\/div>\n        <div><\/div>\n    <\/div>\n    <div class=\"row\"><div class=\"span4 offset\">\n<h4><strong>Baja presi\u00f3n &#8211; Mod. BP42<\/strong><\/h4>\n<p><img loading=\"lazy\" decoding=\"async\" class=\"alignnone size-full wp-image-716\" src=\"https:\/\/www.europolish.com\/it\/wp-content\/uploads\/sites\/2\/2014\/11\/BP42new.jpg\" alt=\"BP42\" width=\"370\" height=\"200\" \/><\/p>\n<table class=\"eptable\">\n<tbody>\n<tr>\n<th colspan=\"2\">Mod. BP42 &#8211; CARACTER\u00cdSTICAS T\u00c9CNICAS<\/th>\n<\/tr>\n<tr>\n<td><strong>AIR PRESSURE<\/strong><\/td>\n<td>5 \/ 6 BAR<\/td>\n<\/tr>\n<tr>\n<td><strong>COMPOUND PRESSURE<\/strong><\/td>\n<td>2,5 \/ 3 BAR<\/td>\n<\/tr>\n<tr>\n<td><strong>QUANTITY PER SHOT<\/strong><\/td>\n<td>N.C.<\/td>\n<\/tr>\n<tr>\n<td><strong>TUBE OUT DIAMETER<\/strong><br \/>\n<small>A=AIR, C=COMPOUND<\/small><\/td>\n<td>A8 \/ C10 mm<\/td>\n<\/tr>\n<\/tbody>\n<\/table>\n<\/div>\n<div class=\"span4 offset\">\n<h4><strong>Alta presi\u00f3n &#8211; Mod. M-65S\/RM<\/strong><\/h4>\n<p><img loading=\"lazy\" decoding=\"async\" class=\"alignnone size-full wp-image-718\" src=\"https:\/\/www.europolish.com\/it\/wp-content\/uploads\/sites\/2\/2014\/11\/M65-S-RMIInew.jpg\" alt=\"M65-S-RMII\" width=\"370\" height=\"200\" \/><\/p>\n<table class=\"eptable\">\n<tbody>\n<tr>\n<th colspan=\"2\">Mod. M-65S\/RM &#8211; CARACTER\u00cdSTICAS T\u00c9CNICAS<\/th>\n<\/tr>\n<tr>\n<td><strong>AIR PRESSURE<\/strong><\/td>\n<td>5 \/ 6 BAR<\/td>\n<\/tr>\n<tr>\n<td><strong>COMPOUND PRESSURE<\/strong><\/td>\n<td>3 BAR<\/td>\n<\/tr>\n<tr>\n<td><strong>QUANTITY PER SHOT<\/strong><\/td>\n<td>0 \/ 4 gr<\/td>\n<\/tr>\n<tr>\n<td><strong>TUBE OUT DIAMETER<\/strong><br \/>\n<small>A=AIR, C=COMPOUND<\/small><\/td>\n<td>A8 \/ C12 mm<\/td>\n<\/tr>\n<\/tbody>\n<\/table>\n<\/div>\n<div class=\"span4 offset\">\n<h4><strong>Alta presi\u00f3n &#8211; Mod. 60-C<\/strong><\/h4>\n<p><img loading=\"lazy\" decoding=\"async\" class=\"alignnone size-full wp-image-719\" src=\"https:\/\/www.europolish.com\/it\/wp-content\/uploads\/sites\/2\/2014\/11\/60CIInew.jpg\" alt=\"60CII\" width=\"370\" height=\"200\" \/><\/p>\n<table class=\"eptable\">\n<tbody>\n<tr>\n<th colspan=\"2\">Mod. 60-C &#8211; CARACTER\u00cdSTICAS T\u00c9CNICAS<\/th>\n<\/tr>\n<tr>\n<td><strong>AIR PRESSURE<\/strong><\/td>\n<td>5 \/ 6 BAR<\/td>\n<\/tr>\n<tr>\n<td><strong>COMPOUND PRESSURE<\/strong><\/td>\n<td>3 \/ 4 BAR<\/td>\n<\/tr>\n<tr>\n<td><strong>QUANTITY PER SHOT<\/strong><\/td>\n<td>0,4 \/ 4 gr<\/td>\n<\/tr>\n<tr>\n<td><strong>TUBE OUT DIAMETER<\/strong><br \/>\n<small>A=AIR, C=COMPOUND<\/small><\/td>\n<td>A8 \/ C12 mm<\/td>\n<\/tr>\n<\/tbody>\n<\/table>\n<\/div><\/div>\n<p>&nbsp;<\/p>\n<div class=\"row\"><div class=\"span4 offset\">\n<h4><strong>Alta presi\u00f3n &#8211; Mod Widospray<\/strong><\/h4>\n<p><img loading=\"lazy\" decoding=\"async\" src=\"https:\/\/www.europolish.com\/it\/wp-content\/uploads\/sites\/2\/2014\/11\/WIDOSPRAY-113336.jpg\" alt=\"WIDOSPRAYnew-370\" width=\"370\" height=\"200\" class=\"alignnone size-full wp-image-1041\" \/><\/p>\n<table class=\"eptable\">\n<tbody>\n<tr>\n<th colspan=\"2\">Mod. Widospray &#8211; CARACTER\u00cdSTICAS T\u00c9CNICAS<\/th>\n<\/tr>\n<tr>\n<td><strong>AIR PRESSURE<\/strong><\/td>\n<td>70 \/ 90 psi<\/td>\n<\/tr>\n<tr>\n<td><strong>COMPOUND PRESSURE<\/strong><\/td>\n<td>50 \/ 90 psi<\/td>\n<\/tr>\n<tr>\n<td><strong>QUANTITY PER SHOT<\/strong><\/td>\n<td>0,2 \/ 6 cm3<\/td>\n<\/tr>\n<tr>\n<td><strong>TUBE OUT DIAMETER<\/strong><br \/>\n<small>A=AIR, C=COMPOUND<\/small><\/td>\n<td>A3\/8&#8243; &#8211; C 1\/2&#8243;<\/td>\n<\/tr>\n<\/tbody>\n<\/table>\n<\/div>\n<div class=\"span4 offset\">\n<h4><strong>Alta presi\u00f3n &#8211; Mod HDP &#8211; HDP II<\/strong><\/h4>\n<p><img loading=\"lazy\" decoding=\"async\" src=\"https:\/\/www.europolish.com\/it\/wp-content\/uploads\/sites\/2\/2014\/11\/HDP-IInew-370.jpg\" alt=\"HDP-IInew-370\" width=\"370\" height=\"200\" class=\"alignnone size-full wp-image-1042\" srcset=\"https:\/\/www.europolish.com\/it\/wp-content\/uploads\/sites\/2\/2014\/11\/HDP-IInew-370.jpg 370w, https:\/\/www.europolish.com\/it\/wp-content\/uploads\/sites\/2\/2014\/11\/HDP-IInew-370-300x162.jpg 300w, https:\/\/www.europolish.com\/it\/wp-content\/uploads\/sites\/2\/2014\/11\/HDP-IInew-370-285x154.jpg 285w\" sizes=\"auto, (max-width: 370px) 100vw, 370px\" \/><\/p>\n<table class=\"eptable\">\n<tbody>\n<tr>\n<th colspan=\"2\">Mod. HDP &#8211; CARACTER\u00cdSTICAS T\u00c9CNICAS<\/th>\n<\/tr>\n<tr>\n<td><strong>AIR PRESSURE<\/strong><\/td>\n<td>70 \/ 90 psi<\/td>\n<\/tr>\n<tr>\n<td><strong>COMPOUND PRESSURE<\/strong><\/td>\n<td>50 \/ 90 psi<\/td>\n<\/tr>\n<tr>\n<td><strong>QUANTITY PER SHOT<\/strong><\/td>\n<td>0,2 \/ 3 cm3<\/td>\n<\/tr>\n<tr>\n<td><strong>TUBE OUT DIAMETER<\/strong><br \/>\n<small>A=AIR, C=COMPOUND<\/small><\/td>\n<td>A3\/8&#8243; &#8211; C 1\/2&#8243;<\/td>\n<\/tr>\n<\/tbody>\n<\/table>\n<\/div>\n<div class=\"span4 offset\"><\/div><\/div>\n<p style=\"text-align: right;\"><a href=\"#\">Volver Arriba <\/a><\/p>\n<p><a name=\"ugelli\"><\/a>    <div class=\"hr-title\">\n        <div><\/div>\n        <div class=\"title\"><h3>Conectores<\/h3><\/div>\n        <div><\/div>\n    <\/div>\n    \n<p><object data=\"https:\/\/www.europolish.com\/wp-content\/themes\/Smart7-child\/assets\/swf\/ruota_ugelli.swf\" type=\"application\/x-shockwave-flash\" width=\"871\" height=\"327\"><!--<!&#091;endif&#093;--><param value=\"high\" name=\"quality\" \/><param value=\"opaque\" name=\"wmode\" \/><param value=\"6.0.65.0\" name=\"swfversion\" \/><!-- Il browser visualizza il seguente contenuto alternativo per gli utenti che utilizzano Flash Player 6.0 e versioni precedenti. --><\/p>\n<div>\n<h4>El contenido de esta p\u00e1gina requiere una versi\u00f3n m\u00e1s reciente de Adobe Flash Player.<\/h4>\n<p><a href=\"https:\/\/www.adobe.com\/go\/getflashplayer\"><img loading=\"lazy\" decoding=\"async\" width=\"112\" height=\"33\" alt=\"Scarica Adobe Flash Player\" src=\"https:\/\/www.adobe.com\/images\/shared\/download_buttons\/get_flash_player.gif\" \/><\/a><\/div>\n<p><!-- &#091;if !IE&#093;>--><\/object><\/p>\n<p style=\"text-align: right;\"><a href=\"#\">Volver Arriba <\/a><\/p>\n<\/div>\n","protected":false},"excerpt":{"rendered":"","protected":false},"author":2,"featured_media":0,"parent":0,"menu_order":0,"comment_status":"open","ping_status":"open","template":"full-width.php","meta":{"footnotes":""},"class_list":["post-1343","page","type-page","status-publish","hentry"],"_links":{"self":[{"href":"https:\/\/www.europolish.com\/it\/wp-json\/wp\/v2\/pages\/1343","targetHints":{"allow":["GET"]}}],"collection":[{"href":"https:\/\/www.europolish.com\/it\/wp-json\/wp\/v2\/pages"}],"about":[{"href":"https:\/\/www.europolish.com\/it\/wp-json\/wp\/v2\/types\/page"}],"author":[{"embeddable":true,"href":"https:\/\/www.europolish.com\/it\/wp-json\/wp\/v2\/users\/2"}],"replies":[{"embeddable":true,"href":"https:\/\/www.europolish.com\/it\/wp-json\/wp\/v2\/comments?post=1343"}],"version-history":[{"count":2,"href":"https:\/\/www.europolish.com\/it\/wp-json\/wp\/v2\/pages\/1343\/revisions"}],"predecessor-version":[{"id":1400,"href":"https:\/\/www.europolish.com\/it\/wp-json\/wp\/v2\/pages\/1343\/revisions\/1400"}],"wp:attachment":[{"href":"https:\/\/www.europolish.com\/it\/wp-json\/wp\/v2\/media?parent=1343"}],"curies":[{"name":"wp","href":"https:\/\/api.w.org\/{rel}","templated":true}]}}