

{"id":62,"date":"2014-11-15T14:37:59","date_gmt":"2014-11-15T13:37:59","guid":{"rendered":"https:\/\/www.europolish.com\/it\/?page_id=62"},"modified":"2014-12-12T16:57:24","modified_gmt":"2014-12-12T15:57:24","slug":"reach","status":"publish","type":"page","link":"https:\/\/www.europolish.com\/it\/reach\/","title":{"rendered":"REACH"},"content":{"rendered":"<div class=\"row\"><div class=\"span9 offset\"><strong>REACH<\/strong> \u00e8 l&#8217;acronimo di <strong>Registrazione, Valutazione e Autorizzazione delle sostanze Chimiche<\/strong>, il nuovo Regolamento Europeo il cui obiettivo \u00e8 quello di garantire un uso responsabile delle sostanze chimiche, assicurato da studi tossicologici e ambientali.<\/p>\n<p>Il 1 dicembre 2008 si \u00e8 concluso il periodo di sei mesi entro il quale eseguire la PRE-REGISTRAZIONE che permette di usufruire di un periodo di transizione in relazione ai quantitativi e alla pericolosit\u00e0, durante i quali la produzione\/importazione \u00e8 consentita fino alla registrazione vera e propria.<\/p>\n<p><strong>La Societ\u00e0 Europolish s.r.l. ha effettuato la pre-registrazione di tutte le sostanze prodotte o importate nell&#8217;Unione Europea. <\/strong><\/p>\n<p>In particolare sono state pre-registrate le sostanze prodotte, le sostanze importate tal quali e all&#8217;interno dei preparati, i monomeri dei polimeri importati e tutti i monomeri utilizzati nella produzione dei polimeri, coprendo in questo modo tutti i prodotti commercializzati dalla Societ\u00e0 Europolish s.r.l.<\/p>\n<p><strong>Non saranno comunicati i numeri di pre-registrazione poich\u00e9 non hanno alcun valore legale all&#8217;interno del regolamento: Vi assicuriamo comunque che la Societ\u00e0 Europolish sta operando e operer\u00e0 in accordo con gli obblighi del regolamento REACH. <\/strong><\/p>\n<p>Il 28 Ottobre 2008 \u00e8 stata pubblicata sul sito dell&#8217;ECHA la &#8220;Candidate List&#8221; di 15 sostanze considerate estremamente problematiche (SVHC).<\/p>\n<p><a class=\"linkverde\" target=\"_blank\" href=\"http:\/\/echa.europa.eu\/doc\/press\/pr_08_38_candidate_list_20081028.pdf\">http:\/\/echa.europa.eu\/doc\/press\/pr_08_38_candidate_list_20081028.pdf<\/a><\/p>\n<p>Le Societ\u00e0 hanno degli obblighi legali a seguito dell&#8217;inclusione delle sostanze nella  &#8220;Candidate List&#8221; a partire dalla data di inclusione e riguardano le sostanze citate in quanto tali, le preparazioni e gli articoli.<\/p>\n<p><strong>Considerando l&#8217;attuale  &#8220;Candidate List&#8221; nessuna sostanza chimica, fabbricata o importata dalla Societ\u00e0  Europolish s.r.l. \u00e8 presente nella lista e quindi nessun obbligo legale o azione ne deriva per noi e per i nostri clienti.<\/strong><\/p>\n<p>Stiamo lavorando con differenti associazioni per sviluppare scenari di esposizione standard che contempleranno gli usi possibili delle nostre sostanze all&#8217;interno delle vostre attivit\u00e0, ma attualmente non sono disponibili definizioni e parametri chiari per l&#8217;inclusione di tali usi all&#8217;interno degli scenari di esposizione e delle schede di sicurezza.<\/p>\n<p>Al momento ogni richiesta o dichiarazione riguardante gli usi identificati non pu\u00f2 essere presa in considerazione poich\u00e9 manca una loro definizione ufficiale e comunque a partire dai primi mesi del 2009 inizieremo le attivit\u00e0 di registrazione vera e propria con la formazione di pre-SIEF e SIEF. <\/p>\n<p>In conclusione:<br \/>\n<strong>Le sostanze del nostro portafoglio prodotti sono state tutte pre-registrate;<\/strong><\/p>\n<ul>\n<li><strong>Non sar\u00e0 comunicato il loro numero di pre-registrazione;<\/strong><\/li>\n<li><strong>Nessuna sostanza chimica citata nella &#8220;Candidate List&#8221; delle SVHC \u00e8 presente nei nostri Prodotti;<\/strong><\/li>\n<li><strong>A breve inizieremo le attivit\u00e0 di registrazione all&#8217;interno dei SIEF e potremo richiedere informazioni riguardo ai diversi scenari espositivi.<\/strong><\/li>\n<\/ul>\n<p>Continueremo a dedicare le nostre risorse per assicurare una completa implementazione del REACH e in particolare per continuare a fornirVi i prodotti che state attualmente acquistando. <\/p>\n<p>Per ogni ulteriore richiesta o chiarimento, non esitate a contattarci al seguente indirizzo e-mail <a href=\"mailto:info@europolish.it\">info@europolish.it.<\/a><\/p>\n<p><img loading=\"lazy\" decoding=\"async\" src=\"https:\/\/www.europolish.com\/it\/wp-content\/uploads\/sites\/2\/2014\/11\/reach1.jpg\" alt=\"reach1\" width=\"600\" height=\"223\" class=\"alignnone size-full wp-image-63\" srcset=\"https:\/\/www.europolish.com\/it\/wp-content\/uploads\/sites\/2\/2014\/11\/reach1.jpg 600w, https:\/\/www.europolish.com\/it\/wp-content\/uploads\/sites\/2\/2014\/11\/reach1-300x111.jpg 300w, https:\/\/www.europolish.com\/it\/wp-content\/uploads\/sites\/2\/2014\/11\/reach1-580x215.jpg 580w, https:\/\/www.europolish.com\/it\/wp-content\/uploads\/sites\/2\/2014\/11\/reach1-384x142.jpg 384w, https:\/\/www.europolish.com\/it\/wp-content\/uploads\/sites\/2\/2014\/11\/reach1-285x105.jpg 285w, https:\/\/www.europolish.com\/it\/wp-content\/uploads\/sites\/2\/2014\/11\/reach1-285x105@2x.jpg 570w\" sizes=\"auto, (max-width: 600px) 100vw, 600px\" \/><\/div>\n<div class=\"span3 offset\"><img loading=\"lazy\" decoding=\"async\" src=\"https:\/\/www.europolish.com\/it\/wp-content\/uploads\/sites\/2\/2014\/11\/reach.jpg\" alt=\"reach\" width=\"250\" height=\"300\" class=\"alignnone size-full wp-image-64\" \/><\/div><\/div>\n","protected":false},"excerpt":{"rendered":"","protected":false},"author":1,"featured_media":0,"parent":0,"menu_order":0,"comment_status":"open","ping_status":"open","template":"","meta":{"footnotes":""},"class_list":["post-62","page","type-page","status-publish","hentry"],"_links":{"self":[{"href":"https:\/\/www.europolish.com\/it\/wp-json\/wp\/v2\/pages\/62","targetHints":{"allow":["GET"]}}],"collection":[{"href":"https:\/\/www.europolish.com\/it\/wp-json\/wp\/v2\/pages"}],"about":[{"href":"https:\/\/www.europolish.com\/it\/wp-json\/wp\/v2\/types\/page"}],"author":[{"embeddable":true,"href":"https:\/\/www.europolish.com\/it\/wp-json\/wp\/v2\/users\/1"}],"replies":[{"embeddable":true,"href":"https:\/\/www.europolish.com\/it\/wp-json\/wp\/v2\/comments?post=62"}],"version-history":[{"count":9,"href":"https:\/\/www.europolish.com\/it\/wp-json\/wp\/v2\/pages\/62\/revisions"}],"predecessor-version":[{"id":609,"href":"https:\/\/www.europolish.com\/it\/wp-json\/wp\/v2\/pages\/62\/revisions\/609"}],"wp:attachment":[{"href":"https:\/\/www.europolish.com\/it\/wp-json\/wp\/v2\/media?parent=62"}],"curies":[{"name":"wp","href":"https:\/\/api.w.org\/{rel}","templated":true}]}}