

{"id":7,"date":"2014-11-14T17:33:10","date_gmt":"2014-11-14T16:33:10","guid":{"rendered":"https:\/\/www.europolish.com\/it\/?page_id=7"},"modified":"2015-07-02T10:02:23","modified_gmt":"2015-07-02T09:02:23","slug":"filosofia","status":"publish","type":"page","link":"https:\/\/www.europolish.com\/it\/filosofia\/","title":{"rendered":"Filosofia"},"content":{"rendered":"<div class=\"row\"><div class=\"span9 offset\"><img loading=\"lazy\" decoding=\"async\" class=\"alignnone size-full wp-image-847\" src=\"https:\/\/www.europolish.com\/it\/wp-content\/uploads\/sites\/2\/2014\/11\/da50anni.png\" alt=\"da50anni\" width=\"703\" height=\"64\" srcset=\"https:\/\/www.europolish.com\/it\/wp-content\/uploads\/sites\/2\/2014\/11\/da50anni.png 703w, https:\/\/www.europolish.com\/it\/wp-content\/uploads\/sites\/2\/2014\/11\/da50anni-300x27.png 300w, https:\/\/www.europolish.com\/it\/wp-content\/uploads\/sites\/2\/2014\/11\/da50anni-580x52.png 580w, https:\/\/www.europolish.com\/it\/wp-content\/uploads\/sites\/2\/2014\/11\/da50anni-384x34.png 384w, https:\/\/www.europolish.com\/it\/wp-content\/uploads\/sites\/2\/2014\/11\/da50anni-285x25.png 285w, https:\/\/www.europolish.com\/it\/wp-content\/uploads\/sites\/2\/2014\/11\/da50anni-285x25@2x.png 570w\" sizes=\"auto, (max-width: 703px) 100vw, 703px\" \/><\/p>\n<p align=\"justify\"><strong>EUROPOLISH<sup>\u00ae<\/sup> S.r.l. si fonda su una lunga tradizione ed esperienza nel trattamento delle superfici iniziata negli anni 60. <\/strong>Grazie ad un grande lavoro \u201csul campo\u201d, siamo oggi in grado di offrire una gamma estremamente completa di prodotti adatti non solo alle applicazioni pi\u00f9 comuni di pulitura e lucidatura, ma anche ad utilizzi particolari quali lappatura, levigatura-AFM, vibrofinitura e polish.<\/p>\n<p align=\"justify\">Sin dall\u2019inizio, ci siamo totalmente specializzati nello sviluppo e nella produzione di composti abrasivi, avendo ben chiara la nostra Missione:<\/p>\n<p align=\"justify\"><strong>SODDISFARE COMPLETAMENTE <\/strong><\/p>\n<p align=\"justify\"><strong>LE ESIGENZE DEI CLIENTI SU SCALA GLOBALE<\/strong><\/p>\n<p align=\"justify\"><strong>CON PRODOTTI INNOVATIVI ED ALTAMENTE PERSONALIZZATI<\/strong><\/p>\n<p align=\"justify\"><strong>DI QUALITA\u2019 ELEVATA, UNIFORME E CONSISTENTE<\/strong><\/p>\n<p align=\"justify\"><strong>AD UN PREZZO COMPETITIVO.<\/strong><\/p>\n<p>Con questo chiaro obiettivo di fondo, abbiamo impostato la nostra attivit\u00e0, le nostre risorse e gli investimenti seguendo alcune precise <strong>linee guida<\/strong>:<\/p>\n<ul>\n<li>\n<p align=\"justify\"><strong>RICERCA &amp; SVILUPPO di nuove formulazioni sempre pi\u00f9 efficaci, sicure e competitive. <\/strong>Studiamo continuamente nuovi prodotti o migliorie di prodotti esistenti in modo da garantire il raggiungimento di standard qualitativi sempre pi\u00f9 elevati attraverso tecnologie innovative;<\/p>\n<\/li>\n<\/ul>\n<ul>\n<li>\n<p align=\"justify\"><strong><span lang=\"it-IT\" xml:lang=\"it-IT\">RICERCA &amp; SELEZIONE <\/span><span lang=\"it-IT\" xml:lang=\"it-IT\">a livello globale delle materie prime. <\/span><\/strong><span lang=\"it-IT\" xml:lang=\"it-IT\">Continuamente alla ricerca di materie prime nuove o pi\u00f9 performanti, sia per efficacia che per sicurezza, da fornitori certificati in grado di garantire la massima continuit\u00e0 ed affidabilit\u00e0 delle forniture.<\/span><\/p>\n<\/li>\n<\/ul>\n<ul>\n<li>\n<p align=\"justify\"><strong>ELEVATA AUTOMAZIONE DEL PROCESSO PRODUTTIVO E DEI CONTROLLI DI QUALITA\u2019. <\/strong>Da sempre pionieri nel nostro settore, abbiamo implementato le massime tecnologie esistenti, sviluppando al nostro interno un sistema di stoccaggio, caricamento reattori, imballo e controllo di qualit\u00e0 completamente automatizzato. Questo anche grazie ad importanti collaborazioni.<\/p>\n<\/li>\n<\/ul>\n<ul>\n<li>\n<p align=\"justify\"><strong>COSTRUIRE &amp; CREDERE in parthnership serie e di lungo periodo con grandi utilizzatori, traders, dealers, distributori e fornitori.<\/strong><\/p>\n<\/li>\n<\/ul>\n<ul>\n<li>\n<p align=\"justify\"><strong>CREARE &amp; SVILUPPARE UNA PRESENZA GLOBALE ATTRAVERSO UN NETWORK DI VENDITA RAMIFICATO.<\/strong><\/p>\n<\/li>\n<\/ul>\n<\/div>\n<div class=\"span3 offset\">\n<img loading=\"lazy\" decoding=\"async\" class=\"alignnone size-full wp-image-19 greenborder\" src=\"https:\/\/www.europolish.com\/it\/wp-content\/uploads\/sites\/2\/2014\/11\/fil03.jpg\" alt=\"fil03\" width=\"250\" height=\"191\" \/><br \/>\n<img loading=\"lazy\" decoding=\"async\" class=\"alignnone size-full wp-image-20 greenborder\" src=\"https:\/\/www.europolish.com\/it\/wp-content\/uploads\/sites\/2\/2014\/11\/fil01.jpg\" alt=\"fil01\" width=\"250\" height=\"191\" \/><br \/>\n<img loading=\"lazy\" decoding=\"async\" class=\"alignnone size-full wp-image-21 greenborder\" src=\"https:\/\/www.europolish.com\/it\/wp-content\/uploads\/sites\/2\/2014\/11\/fil02.jpg\" width=\"250\" height=\"191\" \/><br \/>\n<img loading=\"lazy\" decoding=\"async\" class=\"alignnone size-full wp-image-22 greenborder\" src=\"https:\/\/www.europolish.com\/it\/wp-content\/uploads\/sites\/2\/2014\/11\/tec02.jpg\" alt=\"tec02\" width=\"250\" height=\"191\" \/><br \/>\n<\/div><\/div>\n","protected":false},"excerpt":{"rendered":"","protected":false},"author":1,"featured_media":0,"parent":0,"menu_order":0,"comment_status":"open","ping_status":"open","template":"","meta":{"footnotes":""},"class_list":["post-7","page","type-page","status-publish","hentry"],"_links":{"self":[{"href":"https:\/\/www.europolish.com\/it\/wp-json\/wp\/v2\/pages\/7","targetHints":{"allow":["GET"]}}],"collection":[{"href":"https:\/\/www.europolish.com\/it\/wp-json\/wp\/v2\/pages"}],"about":[{"href":"https:\/\/www.europolish.com\/it\/wp-json\/wp\/v2\/types\/page"}],"author":[{"embeddable":true,"href":"https:\/\/www.europolish.com\/it\/wp-json\/wp\/v2\/users\/1"}],"replies":[{"embeddable":true,"href":"https:\/\/www.europolish.com\/it\/wp-json\/wp\/v2\/comments?post=7"}],"version-history":[{"count":24,"href":"https:\/\/www.europolish.com\/it\/wp-json\/wp\/v2\/pages\/7\/revisions"}],"predecessor-version":[{"id":1112,"href":"https:\/\/www.europolish.com\/it\/wp-json\/wp\/v2\/pages\/7\/revisions\/1112"}],"wp:attachment":[{"href":"https:\/\/www.europolish.com\/it\/wp-json\/wp\/v2\/media?parent=7"}],"curies":[{"name":"wp","href":"https:\/\/api.w.org\/{rel}","templated":true}]}}