

{"id":1200,"date":"2018-01-30T14:26:43","date_gmt":"2018-01-30T13:26:43","guid":{"rendered":"https:\/\/www.europolish.com\/it\/?page_id=1200"},"modified":"2021-07-08T14:57:14","modified_gmt":"2021-07-08T14:57:14","slug":"hera","status":"publish","type":"page","link":"https:\/\/www.europolish.com\/usa\/produits\/hera\/","title":{"rendered":"Hera"},"content":{"rendered":"<div class=\"container \">\n<div class=\"row\"><div class=\"span3 offset\">\n<div class=\"epproduct\"><img loading=\"lazy\" decoding=\"async\" src=\"http:\/\/www.europolish.com\/it\/wp-content\/uploads\/sites\/2\/2014\/11\/head-hera.jpg\" alt=\"head-hera\" width=\"283\" height=\"213\" class=\"alignnone size-full wp-image-161\" \/><\/div>\n<\/div>\n<div class=\"span9 offset\">\n<div class=\"epproduct2 small\"><img loading=\"lazy\" decoding=\"async\" src=\"http:\/\/www.europolish.com\/it\/wp-content\/uploads\/sites\/2\/2014\/11\/icon-hera.png\" alt=\"icon-hera\" width=\"65\" height=\"70\" class=\"alignnone size-full wp-image-460\" \/><\/p>\n<h2><strong>THE FINISHING TOUCH<\/strong><br \/>P\u00e2tes solides \u00e0 polir d&#8217;haute qualit\u00e9 dedi\u00e9es au polissage de luxe et des m\u00e9taux pr\u00e9cieux<\/h2>\n<div style=\"clear:both\"><\/div>\n<\/div>\n<\/div><\/div>\n<\/p>\n<table class=\"eptable centered\">\n<thead>\n<tr>\n<th>Couleur<\/th>\n<th colspan=\"3\">Format<\/th>\n<th colspan=\"6\">M\u00e9taux<\/th>\n<\/tr>\n<\/thead>\n<tbody>\n<tr>\n<td class=\"b-right\"><\/td>\n<td><strong>120 gr<\/strong><\/td>\n<td><strong>250 gr<\/strong><\/td>\n<td class=\"b-right\"><strong>1 Kg<\/strong><\/td>\n<td><strong>Acier<\/strong><\/td>\n<td><strong>Chrome<\/strong><\/td>\n<td><strong>Or<\/strong><\/td>\n<td><strong>Argent<\/strong><\/td>\n<td><strong>Platine<\/strong><\/td>\n<td><strong>Mat\u00e9riel non ferreux<\/strong><\/td>\n<\/tr>\n<tr>\n<td style=\"text-align:left\" class=\"b-right\"><span class=\"epcolor argento\"><\/span> <strong>Gris<\/strong><\/td>\n<td><span class=\"glyph icon-elegant-check\"><\/span><\/td>\n<td><\/td>\n<td class=\"b-right\"><span class=\"glyph icon-elegant-check\"><\/span><\/td>\n<td><span class=\"glyph icon-elegant-check\"><\/span><\/td>\n<td><\/td>\n<td><\/td>\n<td><\/td>\n<td><\/td>\n<td><\/td>\n<\/tr>\n<tr class=\"pari\">\n<td style=\"text-align:left\" class=\"b-right\"><span class=\"epcolor marrone\"><\/span> <strong>Marron<\/strong><\/td>\n<td><span class=\"glyph icon-elegant-check\"><\/span><\/td>\n<td><\/td>\n<td class=\"b-right\"><span class=\"glyph icon-elegant-check\"><\/span><\/td>\n<td><\/td>\n<td><\/td>\n<td><span class=\"glyph icon-elegant-check\"><\/span><\/td>\n<td><span class=\"glyph icon-elegant-check\"><\/span><\/td>\n<td><\/td>\n<td><span class=\"glyph icon-elegant-check\"><\/span><\/td>\n<\/tr>\n<tr>\n<td style=\"text-align:left\" class=\"b-right\"><span class=\"epcolor blu\"><\/span> <strong>Blue<\/strong><\/td>\n<td><span class=\"glyph icon-elegant-check\"><\/span><\/td>\n<td><\/td>\n<td class=\"b-right\"><span class=\"glyph icon-elegant-check\"><\/span><\/td>\n<td><span class=\"glyph icon-elegant-check\"><\/span><\/td>\n<td><span class=\"glyph icon-elegant-check\"><\/span><\/td>\n<td><span class=\"glyph icon-elegant-check\"><\/span><\/td>\n<td><span class=\"glyph icon-elegant-check\"><\/span><\/td>\n<td><span class=\"glyph icon-elegant-check\"><\/span><\/td>\n<td><span class=\"glyph icon-elegant-check\"><\/span><\/td>\n<\/tr>\n<tr class=\"pari\">\n<td style=\"text-align:left\" class=\"b-right\"><span class=\"epcolor verde\"><\/span> <strong>Vert<\/strong><\/td>\n<td><span class=\"glyph icon-elegant-check\"><\/span><\/td>\n<td><\/td>\n<td class=\"b-right\"><span class=\"glyph icon-elegant-check\"><\/span><\/td>\n<td><\/td>\n<td><span class=\"glyph icon-elegant-check\"><\/span><\/td>\n<td><\/td>\n<td><span class=\"glyph icon-elegant-check\"><\/span><\/td>\n<td><span class=\"glyph icon-elegant-check\"><\/span><\/td>\n<td><\/td>\n<\/tr>\n<tr>\n<td style=\"text-align:left\" class=\"b-right\"><span class=\"epcolor rosso\"><\/span> <strong>Rouge<\/strong><\/td>\n<td><span class=\"glyph icon-elegant-check\"><\/span><\/td>\n<td><\/td>\n<td class=\"b-right\"><span class=\"glyph icon-elegant-check\">&lt;\/span<\/td>\n<td><\/td>\n<td><\/td>\n<td><span class=\"glyph icon-elegant-check\"><\/span><\/td>\n<td><span class=\"glyph icon-elegant-check\"><\/span><\/td>\n<td><span class=\"glyph icon-elegant-check\"><\/span><\/td>\n<td><\/td>\n<\/tr>\n<tr class=\"pari\">\n<td style=\"text-align:left\" class=\"b-right\"><span class=\"epcolor giallo\"><\/span> <strong>Jaune<\/strong><\/td>\n<td><span class=\"glyph icon-elegant-check\"><\/span><\/td>\n<td><\/td>\n<td class=\"b-right\"><\/td>\n<td><\/td>\n<td><\/td>\n<td><span class=\"glyph icon-elegant-check\"><\/span><\/td>\n<td><span class=\"glyph icon-elegant-check\"><\/span><\/td>\n<td><span class=\"glyph icon-elegant-check\"><\/span><\/td>\n<td><\/td>\n<\/tr>\n<tr>\n<td style=\"text-align:left\" class=\"b-right\"><span class=\"epcolor arancione\"><\/span> <strong>Orange<\/strong><\/td>\n<td><\/td>\n<td><span class=\"glyph icon-elegant-check\"><\/span><\/td>\n<td class=\"b-right\"><\/td>\n<td><span class=\"glyph icon-elegant-check\"><\/span><\/td>\n<td><span class=\"glyph icon-elegant-check\"><\/span><\/td>\n<td><span class=\"glyph icon-elegant-check\"><\/span><\/td>\n<td><span class=\"glyph icon-elegant-check\"><\/span><\/td>\n<td><span class=\"glyph icon-elegant-check\"><\/span><\/td>\n<td><span class=\"glyph icon-elegant-check\"><\/span><\/td>\n<\/tr>\n<\/tbody>\n<\/table>\n<p>&nbsp;<br \/>\n<\/div>\n<nav class=\"navigation3 hidden-tablet hidden-phone\">\n<div id=\"nav_menu-7\" class=\"widget widget_nav_menu\">\n<div class=\"menu-prodotti_fr0-container\">\n<ul id=\"menu-prodotti_fr0\" class=\"menu\">\n<li id=\"menu-item-1236\" class=\"menu-item menu-item-type-post_type menu-item-object-page menu-item-1236\"><a href=\"https:\/\/www.europolish.com\/usa\/products\/polifluid\/\">POLIFLUID<\/a><\/li>\n<li id=\"menu-item-1235\" class=\"menu-item menu-item-type-post_type menu-item-object-page menu-item-1235\"><a href=\"https:\/\/www.europolish.com\/usa\/products\/polisol\/\">POLISOL<\/a><\/li>\n<li id=\"menu-item-1234\" class=\"menu-item menu-item-type-post_type menu-item-object-page menu-item-1234\"><a href=\"https:\/\/www.europolish.com\/usa\/products\/hera\/\">HERA<\/a><\/li>\n<li id=\"menu-item-1233\" class=\"menu-item menu-item-type-post_type menu-item-object-page menu-item-1233\"><a href=\"https:\/\/www.europolish.com\/usa\/products\/ecomed\/\">ECOMED<\/a><\/li>\n<li id=\"menu-item-1232\" class=\"menu-item menu-item-type-post_type menu-item-object-page menu-item-1232\"><a href=\"https:\/\/www.europolish.com\/usa\/products\/epics\/\">EPICS<\/a><\/li>\n<li id=\"menu-item-1231\" class=\"menu-item menu-item-type-post_type menu-item-object-page menu-item-1231\"><a href=\"https:\/\/www.europolish.com\/usa\/products\/europower\/\">EUROPOWER<\/a><\/li>\n<li id=\"menu-item-1230\" class=\"menu-item menu-item-type-post_type menu-item-object-page menu-item-1230\"><a href=\"https:\/\/www.europolish.com\/usa\/products\/polymep\/\">POLYMEP<\/a><\/li>\n<li id=\"menu-item-1229\" class=\"menu-item menu-item-type-post_type menu-item-object-page menu-item-1229\"><a href=\"https:\/\/www.europolish.com\/usa\/products\/abrep\/\">ABREP<\/a><\/li>\n<li id=\"menu-item-1228\" class=\"menu-item menu-item-type-post_type menu-item-object-page menu-item-1228\"><a href=\"https:\/\/www.europolish.com\/usa\/products\/wfluid\/\">WFLUID<\/a><\/li>\n<li id=\"menu-item-1413\" class=\"menu-item menu-item-type-post_type menu-item-object-page menu-item-1413\"><a href=\"https:\/\/www.europolish.com\/it\/catalogues\/\">CATALOGUES<\/a><\/li>\n<\/ul>\n<\/div>\n<\/div>\n<div style=\"clear: both;\"><\/div>\n<\/nav>\n<p><script>jQuery('.navigation3').insertAfter('.navigation ')<\/script><\/p>\n","protected":false},"excerpt":{"rendered":"<p>POLIFLUID POLISOL HERA ECOMED EPICS EUROPOWER POLYMEP ABREP WFLUID CATALOGUES<\/p>\n","protected":false},"author":2,"featured_media":0,"parent":1193,"menu_order":0,"comment_status":"open","ping_status":"open","template":"full-width.php","meta":{"footnotes":""},"class_list":["post-1200","page","type-page","status-publish","hentry"],"_links":{"self":[{"href":"https:\/\/www.europolish.com\/usa\/wp-json\/wp\/v2\/pages\/1200","targetHints":{"allow":["GET"]}}],"collection":[{"href":"https:\/\/www.europolish.com\/usa\/wp-json\/wp\/v2\/pages"}],"about":[{"href":"https:\/\/www.europolish.com\/usa\/wp-json\/wp\/v2\/types\/page"}],"author":[{"embeddable":true,"href":"https:\/\/www.europolish.com\/usa\/wp-json\/wp\/v2\/users\/2"}],"replies":[{"embeddable":true,"href":"https:\/\/www.europolish.com\/usa\/wp-json\/wp\/v2\/comments?post=1200"}],"version-history":[{"count":1,"href":"https:\/\/www.europolish.com\/usa\/wp-json\/wp\/v2\/pages\/1200\/revisions"}],"predecessor-version":[{"id":1451,"href":"https:\/\/www.europolish.com\/usa\/wp-json\/wp\/v2\/pages\/1200\/revisions\/1451"}],"up":[{"embeddable":true,"href":"https:\/\/www.europolish.com\/usa\/wp-json\/wp\/v2\/pages\/1193"}],"wp:attachment":[{"href":"https:\/\/www.europolish.com\/usa\/wp-json\/wp\/v2\/media?parent=1200"}],"curies":[{"name":"wp","href":"https:\/\/api.w.org\/{rel}","templated":true}]}}