

{"id":1204,"date":"2018-01-30T14:43:09","date_gmt":"2018-01-30T13:43:09","guid":{"rendered":"https:\/\/www.europolish.com\/it\/?page_id=1204"},"modified":"2021-07-08T14:58:07","modified_gmt":"2021-07-08T14:58:07","slug":"epics","status":"publish","type":"page","link":"https:\/\/www.europolish.com\/usa\/produits\/epics\/","title":{"rendered":"Epics"},"content":{"rendered":"<div class=\"container \">\n<div class=\"row\"><div class=\"span3 offset\">\n<div class=\"epproduct\"><img loading=\"lazy\" decoding=\"async\" src=\"http:\/\/www.europolish.com\/it\/wp-content\/uploads\/sites\/2\/2014\/11\/head-epics.jpg\" alt=\"head-epics\" width=\"283\" height=\"218\" class=\"alignnone size-full wp-image-201\" \/><\/div>\n<\/div>\n<div class=\"span9 offset\">\n<div class=\"epproduct2 small\"><img loading=\"lazy\" decoding=\"async\" src=\"http:\/\/www.europolish.com\/it\/wp-content\/uploads\/sites\/2\/2014\/11\/icon-vibrofinitura.png\" alt=\"icon-vibrofinitura\" width=\"65\" height=\"70\" class=\"alignnone size-full wp-image-457\" \/><\/p>\n<h2>Tribofinition et tonneau.<\/h2>\n<div style=\"clear:both\"><\/div>\n<\/div>\n<ul>\n<li><a href=\"#composti\">P\u00e2tes \u00e0 polir pour tribofinition<\/a><\/li>\n<li><a href=\"#imballo\">Conditionnement et autres indications<\/a><\/li>\n<\/ul>\n<\/div><\/div>\n<a name=\"composti\"><\/a>    <div class=\"hr-title\">\n        <div><\/div>\n        <div class=\"title\"><h3>P\u00e2tes \u00e0 polir pour tribofinition<\/h3><\/div>\n        <div><\/div>\n    <\/div>\n    \n<table class=\"eptable\">\n<thead>\n<tr>\n<th style=\"width:15%\">Produit<\/th>\n<th style=\"width:10%\">Couleur<\/th>\n<th style=\"width:10%\">Support<\/th>\n<th style=\"width:12%\">Avec hidrocarbures<\/th>\n<th style=\"width:5%\">Laiton<\/th>\n<th style=\"width:5%\">Zamak<\/th>\n<th style=\"width:7%\">Aluminium<\/th>\n<th>Notes<\/th>\n<\/tr>\n<\/thead>\n<tbody>\n<tr>\n<td><strong>PMO<\/strong><\/td>\n<td><span class=\"epcolor rosa\"><\/span> Rose<\/td>\n<td>Rafle de mais<br \/>Sciure<\/td>\n<td class=\"centered\"><span class=\"glyph icon-elegant-check\"><\/span><\/td>\n<td class=\"centered\"><span class=\"glyph icon-elegant-check\"><\/span><\/td>\n<td class=\"centered\"><span class=\"glyph icon-elegant-check\"><\/span><\/td>\n<td class=\"centered\"> <\/td>\n<td>Utilis\u00e9 seul ou en association avec le produit VIBRO22<br \/>donne un brillantage excellent.<\/td>\n<\/tr>\n<tr class=\"pari\">\n<td><strong>VIBRO 22<\/strong><\/td>\n<td><span class=\"epcolor azzurro\"><\/span> Bleu<\/td>\n<td>Rafle de mais<br \/>Sciure<\/td>\n<td class=\"centered\"> <\/td>\n<td class=\"centered\"><span class=\"glyph icon-elegant-check\"><\/span><\/td>\n<td class=\"centered\"><span class=\"glyph icon-elegant-check\"><\/span><\/td>\n<td class=\"centered\"> <\/td>\n<td>Utilis\u00e9 association avec le produit PMO, il en augmente le pouvoir<br \/>de polisage et optimise le brillantage.<\/td>\n<\/tr>\n<tr>\n<td><strong>KKF 1706<\/strong><\/td>\n<td><span class=\"epcolor bianco\"><\/span> Blanc<\/td>\n<td>C\u00e9ramique<\/td>\n<td class=\"centered\"> <\/td>\n<td class=\"centered\"><span class=\"glyph icon-elegant-check\"><\/span><\/td>\n<td class=\"centered\"><span class=\"glyph icon-elegant-check\"><\/span><\/td>\n<td class=\"centered\"><span class=\"glyph icon-elegant-check\"><\/span><\/td>\n<td>Compos\u00e9 pour polissage et pr\u00e9paration d\u00e9di\u00e9 au travail des c\u00e9ramiques. Facile \u00e0 nettoyer, tr\u00e8s efficace.<\/td>\n<\/tr>\n<tr class=\"pari\">\n<td><strong>STP\/G<\/strong><\/td>\n<td><span class=\"epcolor bianco\"><\/span> Blanc<\/td>\n<td>Chips<\/td>\n<td class=\"centered\"> <\/td>\n<td class=\"centered\"><span class=\"glyph icon-elegant-check\"><\/span><\/td>\n<td class=\"centered\"><span class=\"glyph icon-elegant-check\"><\/span><\/td>\n<td class=\"centered\"> <\/td>\n<td>Aide \u00e0 contenir le piquetage des produits pendant le travail.<br \/>Il meilleure l&#8217;\u00e9clat final.<\/td>\n<\/tr>\n<\/tbody>\n<\/table>\n<p style=\"text-align:right\"><a href=\"#\">Haut de page <span class=\"glyph icon-elegant-arrow-triangle-up\"><\/span><\/a><\/p>\n<p><a name=\"imballo\"><\/a>    <div class=\"hr-title\">\n        <div><\/div>\n        <div class=\"title\"><h3>Conditionnement et autres indications<\/h3><\/div>\n        <div><\/div>\n    <\/div>\n    \n<table class=\"eptable\">\n<tbody>\n<tr>\n<td align=\"center\"><\/td>\n<td style=\"text-align:center;vertical-align:top\"><img loading=\"lazy\" decoding=\"async\" src=\"http:\/\/www.europolish.com\/it\/wp-content\/uploads\/sites\/2\/2014\/11\/Cartone01.png\" alt=\"Cartone01\" width=\"200\" height=\"150\" class=\"alignnone size-full wp-image-548\" \/><br \/>\n<strong>Boite en carton<\/strong><\/td>\n<td style=\"text-align:center;vertical-align:top\"><img loading=\"lazy\" decoding=\"async\" src=\"http:\/\/www.europolish.com\/it\/wp-content\/uploads\/sites\/2\/2014\/11\/fusto-plastica.png\" alt=\"fusto-plastica\" width=\"200\" height=\"150\" class=\"alignnone size-full wp-image-703\" \/><br \/>\n<strong>Seau en plastique<\/strong><\/td>\n<td style=\"text-align:center;vertical-align:top\"><img loading=\"lazy\" decoding=\"async\" src=\"http:\/\/www.europolish.com\/it\/wp-content\/uploads\/sites\/2\/2014\/11\/TC10.png\" alt=\"TC10\" width=\"200\" height=\"150\" class=\"alignnone size-full wp-image-552\" \/><br \/>\n<strong>Container TC<\/strong><br \/>\nConycal bottom<br \/>\n<small>(exclusivement pour l&#8217;Europe)<\/small><\/td>\n<\/tr>\n<tr>\n<th class=\"centered\">Capacit\u00e9 porteuse<\/th>\n<td align=\"center\">50 Kg<\/td>\n<td align=\"center\">255 Kg<\/td>\n<td align=\"center\">900 &#8211; 1200 Kg<\/td>\n<\/tr>\n<\/tbody>\n<\/table>\n<p style=\"text-align:right\"><a href=\"#\">Haut de page <span class=\"glyph icon-elegant-arrow-triangle-up\"><\/span><\/a><\/p>\n<\/div>\n<nav class=\"navigation3 hidden-tablet hidden-phone\">\n<div id=\"nav_menu-7\" class=\"widget widget_nav_menu\">\n<div class=\"menu-prodotti_fr0-container\">\n<ul id=\"menu-prodotti_fr0\" class=\"menu\">\n<li id=\"menu-item-1236\" class=\"menu-item menu-item-type-post_type menu-item-object-page menu-item-1236\"><a href=\"https:\/\/www.europolish.com\/usa\/products\/polifluid\/\">POLIFLUID<\/a><\/li>\n<li id=\"menu-item-1235\" class=\"menu-item menu-item-type-post_type menu-item-object-page menu-item-1235\"><a href=\"https:\/\/www.europolish.com\/usa\/products\/polisol\/\">POLISOL<\/a><\/li>\n<li id=\"menu-item-1234\" class=\"menu-item menu-item-type-post_type menu-item-object-page menu-item-1234\"><a href=\"https:\/\/www.europolish.com\/usa\/products\/hera\/\">HERA<\/a><\/li>\n<li id=\"menu-item-1233\" class=\"menu-item menu-item-type-post_type menu-item-object-page menu-item-1233\"><a href=\"https:\/\/www.europolish.com\/usa\/products\/ecomed\/\">ECOMED<\/a><\/li>\n<li id=\"menu-item-1232\" class=\"menu-item menu-item-type-post_type menu-item-object-page menu-item-1232\"><a href=\"https:\/\/www.europolish.com\/usa\/products\/epics\/\">EPICS<\/a><\/li>\n<li id=\"menu-item-1231\" class=\"menu-item menu-item-type-post_type menu-item-object-page menu-item-1231\"><a href=\"https:\/\/www.europolish.com\/usa\/products\/europower\/\">EUROPOWER<\/a><\/li>\n<li id=\"menu-item-1230\" class=\"menu-item menu-item-type-post_type menu-item-object-page menu-item-1230\"><a href=\"https:\/\/www.europolish.com\/usa\/products\/polymep\/\">POLYMEP<\/a><\/li>\n<li id=\"menu-item-1229\" class=\"menu-item menu-item-type-post_type menu-item-object-page menu-item-1229\"><a href=\"https:\/\/www.europolish.com\/usa\/products\/abrep\/\">ABREP<\/a><\/li>\n<li id=\"menu-item-1228\" class=\"menu-item menu-item-type-post_type menu-item-object-page menu-item-1228\"><a href=\"https:\/\/www.europolish.com\/usa\/products\/wfluid\/\">WFLUID<\/a><\/li>\n<li id=\"menu-item-1413\" class=\"menu-item menu-item-type-post_type menu-item-object-page menu-item-1413\"><a href=\"https:\/\/www.europolish.com\/it\/catalogues\/\">CATALOGUES<\/a><\/li>\n<\/ul>\n<\/div>\n<\/div>\n<div style=\"clear: both;\"><\/div>\n<\/nav>\n<p><script>jQuery('.navigation3').insertAfter('.navigation ')<\/script>\t\t<\/p>\n","protected":false},"excerpt":{"rendered":"<p>POLIFLUID POLISOL HERA ECOMED EPICS EUROPOWER POLYMEP ABREP WFLUID CATALOGUES<\/p>\n","protected":false},"author":2,"featured_media":0,"parent":1193,"menu_order":0,"comment_status":"open","ping_status":"open","template":"full-width.php","meta":{"footnotes":""},"class_list":["post-1204","page","type-page","status-publish","hentry"],"_links":{"self":[{"href":"https:\/\/www.europolish.com\/usa\/wp-json\/wp\/v2\/pages\/1204","targetHints":{"allow":["GET"]}}],"collection":[{"href":"https:\/\/www.europolish.com\/usa\/wp-json\/wp\/v2\/pages"}],"about":[{"href":"https:\/\/www.europolish.com\/usa\/wp-json\/wp\/v2\/types\/page"}],"author":[{"embeddable":true,"href":"https:\/\/www.europolish.com\/usa\/wp-json\/wp\/v2\/users\/2"}],"replies":[{"embeddable":true,"href":"https:\/\/www.europolish.com\/usa\/wp-json\/wp\/v2\/comments?post=1204"}],"version-history":[{"count":1,"href":"https:\/\/www.europolish.com\/usa\/wp-json\/wp\/v2\/pages\/1204\/revisions"}],"predecessor-version":[{"id":1453,"href":"https:\/\/www.europolish.com\/usa\/wp-json\/wp\/v2\/pages\/1204\/revisions\/1453"}],"up":[{"embeddable":true,"href":"https:\/\/www.europolish.com\/usa\/wp-json\/wp\/v2\/pages\/1193"}],"wp:attachment":[{"href":"https:\/\/www.europolish.com\/usa\/wp-json\/wp\/v2\/media?parent=1204"}],"curies":[{"name":"wp","href":"https:\/\/api.w.org\/{rel}","templated":true}]}}