

{"id":1206,"date":"2018-01-30T14:56:41","date_gmt":"2018-01-30T13:56:41","guid":{"rendered":"https:\/\/www.europolish.com\/it\/?page_id=1206"},"modified":"2021-07-08T14:59:06","modified_gmt":"2021-07-08T14:59:06","slug":"europower","status":"publish","type":"page","link":"https:\/\/www.europolish.com\/usa\/produits\/europower\/","title":{"rendered":"Europower"},"content":{"rendered":"<div class=\"container \">\n<div class=\"row\"><div class=\"span3 offset\">\n<div class=\"epproduct\"><img loading=\"lazy\" decoding=\"async\" src=\"http:\/\/www.europolish.com\/it\/wp-content\/uploads\/sites\/2\/2014\/11\/head-hapoler.jpg\" alt=\"head-hapoler\" width=\"283\" height=\"213\" class=\"alignnone size-full wp-image-212\" \/><\/div>\n<\/div>\n<div class=\"span9 offset\">\n<div class=\"epproduct2 small\"><img loading=\"lazy\" decoding=\"async\" src=\"http:\/\/www.europolish.com\/it\/wp-content\/uploads\/sites\/2\/2014\/11\/icon-cleaner.png\" alt=\"icon-cleaner\" width=\"65\" height=\"70\" class=\"alignnone size-full wp-image-458\" \/><\/p>\n<h2>Tr\u00e8s brillant &#8211; Facile \u00e0 \u00e9liminer &#8211; Couleurs fonc\u00e9es intenses et profondes &#8211; Sans silicone<\/h2>\n<div style=\"clear:both\"><\/div>\n<\/div>\n<ul>\n<li><a href=\"#prodotti\">Pr\u00e9paration<\/a><\/li>\n<li><a href=\"#imballo\">Conditionnement et autres indications<\/a><\/li>\n<\/ul>\n<\/div><\/div>\n<a name=\"prodotti\"><\/a>    <div class=\"hr-title\">\n        <div><\/div>\n        <div class=\"title\"><h3>Polish &amp; Cleaner<\/h3><\/div>\n        <div><\/div>\n    <\/div>\n    \n<table class=\"eptable centered\">\n<thead>\n<tr>\n<th style=\"text-align:left\">Produit<\/th>\n<th>Rubbing<\/th>\n<th>Cleaner<\/th>\n<th>Polish<\/th>\n<th>Laque<br \/>Vernis<\/th>\n<th>Bois<\/th>\n<th>Plastique<br \/>PRV<\/th>\n<\/tr>\n<\/thead>\n<tbody>\n<tr>\n<td style=\"text-align:left\"><strong>EUROPOWER 8070 EXTREME<\/strong><\/td>\n<td><span class=\"glyph icon-elegant-check\"><\/span><\/td>\n<td> <\/td>\n<td> <\/td>\n<td><span class=\"glyph icon-elegant-check\"><\/span><\/td>\n<td> <\/td>\n<td> <\/td>\n<\/tr>\n<tr class=\"pari\">\n<td style=\"text-align:left\"><strong>EUROPOWER 8060 STRONG<\/strong><\/td>\n<td><span class=\"glyph icon-elegant-check\"><\/span><\/td>\n<td> <\/td>\n<td> <\/td>\n<td><span class=\"glyph icon-elegant-check\"><\/span><\/td>\n<td> <\/td>\n<td> <\/td>\n<\/tr>\n<tr>\n<td style=\"text-align:left\"><strong>EUROPOWER 8050 PURE<\/strong><\/td>\n<td> <\/td>\n<td><span class=\"glyph icon-elegant-check\"><\/span><\/td>\n<td> <\/td>\n<td><span class=\"glyph icon-elegant-check\"><\/span><\/td>\n<td> <\/td>\n<td> <\/td>\n<\/tr>\n<tr class=\"pari\">\n<td style=\"text-align:left\"><strong>EUROPOWER 8025 TOTAL<\/strong><\/td>\n<td> <\/td>\n<td><span class=\"glyph icon-elegant-check\"><\/span><\/td>\n<td> <\/td>\n<td><span class=\"glyph icon-elegant-check\"><\/span><\/td>\n<td><span class=\"glyph icon-elegant-check\"><\/span><\/td>\n<td><span class=\"glyph icon-elegant-check\"><\/span><\/td>\n<\/tr>\n<tr>\n<td style=\"text-align:left\"><strong>EUROPOWER 8015 NANO<\/strong><\/td>\n<td> <\/td>\n<td><span class=\"glyph icon-elegant-check\"><\/span><\/td>\n<td> <\/td>\n<td><span class=\"glyph icon-elegant-check\"><\/span><\/td>\n<td> <\/td>\n<td> <\/td>\n<\/tr>\n<tr class=\"pari\">\n<td style=\"text-align:left\"><strong>EUROPOWER 8010 MEGA NANO<\/strong><\/td>\n<td> <\/td>\n<td> <\/td>\n<td><span class=\"glyph icon-elegant-check\"><\/span><\/td>\n<td><span class=\"glyph icon-elegant-check\"><\/span><\/td>\n<td> <\/td>\n<td> <\/td>\n<\/tr>\n<tr>\n<td style=\"text-align:left\"><strong>EUROPOWER CLEAN 8530<\/strong><\/td>\n<td> <\/td>\n<td> <\/td>\n<td><span class=\"glyph icon-elegant-check\"><\/span><\/td>\n<td> <\/td>\n<td> <\/td>\n<td><span class=\"glyph icon-elegant-check\"><\/span><\/td>\n<\/tr>\n<tr class=\"pari\">\n<td style=\"text-align:left\"><strong>EUROPOWER CLEAN 8528 <\/strong><\/td>\n<td> <\/td>\n<td> <\/td>\n<td><span class=\"glyph icon-elegant-check\"><\/span><\/td>\n<td><span class=\"glyph icon-elegant-check\"><\/span><\/td>\n<td><span class=\"glyph icon-elegant-check\"><\/span><\/td>\n<td><span class=\"glyph icon-elegant-check\"><\/span><\/td>\n<\/tr>\n<tr>\n<td style=\"text-align:left\"><strong>EUROPOWER 8061<\/strong><\/td>\n<td> <\/td>\n<td> <\/td>\n<td> <\/td>\n<td> <\/td>\n<td><span class=\"glyph icon-elegant-check\"><\/span><\/td>\n<td> <\/td>\n<\/tr>\n<tr class=\"pari\">\n<td style=\"text-align:left\"><strong>EUROPOWER 8062<\/strong><\/td>\n<td> <\/td>\n<td> <\/td>\n<td><\/td>\n<td><\/td>\n<td><span class=\"glyph icon-elegant-check\"><\/span><\/td>\n<td><\/td>\n<\/tr>\n<\/tbody>\n<\/table>\n<p style=\"text-align:right\"><a href=\"#\">Haut de page <span class=\"glyph icon-elegant-arrow-triangle-up\"><\/span><\/a><\/p>\n<p><a name=\"imballo\"><\/a>    <div class=\"hr-title\">\n        <div><\/div>\n        <div class=\"title\"><h3>Conditionnement et autres indications<\/h3><\/div>\n        <div><\/div>\n    <\/div>\n    \n<table class=\"eptable centered\">\n<tbody>\n<tr>\n<td style=\"text-align:center;vertical-align:top\"><img loading=\"lazy\" decoding=\"async\" src=\"http:\/\/www.europolish.com\/it\/wp-content\/uploads\/sites\/2\/2014\/11\/tubetto.png\" alt=\"tubetto\" width=\"200\" height=\"150\" class=\"alignnone size-full wp-image-559\" \/><br \/><strong>Tube<\/strong><br \/>0,250 Kg<\/td>\n<td style=\"text-align:center;vertical-align:top\"><img loading=\"lazy\" decoding=\"async\" src=\"http:\/\/www.europolish.com\/it\/wp-content\/uploads\/sites\/2\/2014\/11\/bottiglia.png\" alt=\"bottiglia\" width=\"200\" height=\"150\" class=\"alignnone size-full wp-image-560\" \/><br \/><strong>Bouteille en plastique<\/strong><br \/>1 Kg<\/td>\n<td style=\"text-align:center;vertical-align:top\"><img loading=\"lazy\" decoding=\"async\" src=\"http:\/\/www.europolish.com\/it\/wp-content\/uploads\/sites\/2\/2014\/11\/fusto-plastica.png\" alt=\"fusto-plastica\" width=\"200\" height=\"150\" class=\"alignnone size-full wp-image-703\" \/><br \/><strong>Seau en plastique<\/strong><\/br>25 Kg<\/td>\n<td style=\"text-align:center;vertical-align:top\"><img loading=\"lazy\" decoding=\"async\" src=\"http:\/\/www.europolish.com\/it\/wp-content\/uploads\/sites\/2\/2014\/11\/Cisternetta.png\" alt=\"Cisternetta\" width=\"200\" height=\"150\" class=\"alignnone size-full wp-image-551\" \/><br \/>Citerne \u00e0 r\u00e9tourner<br \/>Flat Bottom<br \/>1100 Kg<\/td>\n<\/tr>\n<\/tbody>\n<\/table>\n<p style=\"text-align:right\"><a href=\"#\">Haut de page <span class=\"glyph icon-elegant-arrow-triangle-up\"><\/span><\/a><\/p>\n<\/div>\n<nav class=\"navigation3 hidden-tablet hidden-phone\">\n<div id=\"nav_menu-7\" class=\"widget widget_nav_menu\">\n<div class=\"menu-prodotti_fr0-container\">\n<ul id=\"menu-prodotti_fr0\" class=\"menu\">\n<li id=\"menu-item-1236\" class=\"menu-item menu-item-type-post_type menu-item-object-page menu-item-1236\"><a href=\"https:\/\/www.europolish.com\/usa\/products\/polifluid\/\">POLIFLUID<\/a><\/li>\n<li id=\"menu-item-1235\" class=\"menu-item menu-item-type-post_type menu-item-object-page menu-item-1235\"><a href=\"https:\/\/www.europolish.com\/usa\/products\/polisol\/\">POLISOL<\/a><\/li>\n<li id=\"menu-item-1234\" class=\"menu-item menu-item-type-post_type menu-item-object-page menu-item-1234\"><a href=\"https:\/\/www.europolish.com\/usa\/products\/hera\/\">HERA<\/a><\/li>\n<li id=\"menu-item-1233\" class=\"menu-item menu-item-type-post_type menu-item-object-page menu-item-1233\"><a href=\"https:\/\/www.europolish.com\/usa\/products\/ecomed\/\">ECOMED<\/a><\/li>\n<li id=\"menu-item-1232\" class=\"menu-item menu-item-type-post_type menu-item-object-page menu-item-1232\"><a href=\"https:\/\/www.europolish.com\/usa\/products\/epics\/\">EPICS<\/a><\/li>\n<li id=\"menu-item-1231\" class=\"menu-item menu-item-type-post_type menu-item-object-page menu-item-1231\"><a href=\"https:\/\/www.europolish.com\/usa\/products\/europower\/\">EUROPOWER<\/a><\/li>\n<li id=\"menu-item-1230\" class=\"menu-item menu-item-type-post_type menu-item-object-page menu-item-1230\"><a href=\"https:\/\/www.europolish.com\/usa\/products\/polymep\/\">POLYMEP<\/a><\/li>\n<li id=\"menu-item-1229\" class=\"menu-item menu-item-type-post_type menu-item-object-page menu-item-1229\"><a href=\"https:\/\/www.europolish.com\/usa\/products\/abrep\/\">ABREP<\/a><\/li>\n<li id=\"menu-item-1228\" class=\"menu-item menu-item-type-post_type menu-item-object-page menu-item-1228\"><a href=\"https:\/\/www.europolish.com\/usa\/products\/wfluid\/\">WFLUID<\/a><\/li>\n<li id=\"menu-item-1413\" class=\"menu-item menu-item-type-post_type menu-item-object-page menu-item-1413\"><a href=\"https:\/\/www.europolish.com\/it\/catalogues\/\">CATALOGUES<\/a><\/li>\n<\/ul>\n<\/div>\n<\/div>\n<div style=\"clear: both;\"><\/div>\n<\/nav>\n<p><script>jQuery('.navigation3').insertAfter('.navigation ')<\/script>\t\t<\/p>\n","protected":false},"excerpt":{"rendered":"<p>POLIFLUID POLISOL HERA ECOMED EPICS EUROPOWER POLYMEP ABREP WFLUID CATALOGUES<\/p>\n","protected":false},"author":2,"featured_media":0,"parent":1193,"menu_order":0,"comment_status":"open","ping_status":"open","template":"full-width.php","meta":{"footnotes":""},"class_list":["post-1206","page","type-page","status-publish","hentry"],"_links":{"self":[{"href":"https:\/\/www.europolish.com\/usa\/wp-json\/wp\/v2\/pages\/1206","targetHints":{"allow":["GET"]}}],"collection":[{"href":"https:\/\/www.europolish.com\/usa\/wp-json\/wp\/v2\/pages"}],"about":[{"href":"https:\/\/www.europolish.com\/usa\/wp-json\/wp\/v2\/types\/page"}],"author":[{"embeddable":true,"href":"https:\/\/www.europolish.com\/usa\/wp-json\/wp\/v2\/users\/2"}],"replies":[{"embeddable":true,"href":"https:\/\/www.europolish.com\/usa\/wp-json\/wp\/v2\/comments?post=1206"}],"version-history":[{"count":1,"href":"https:\/\/www.europolish.com\/usa\/wp-json\/wp\/v2\/pages\/1206\/revisions"}],"predecessor-version":[{"id":1454,"href":"https:\/\/www.europolish.com\/usa\/wp-json\/wp\/v2\/pages\/1206\/revisions\/1454"}],"up":[{"embeddable":true,"href":"https:\/\/www.europolish.com\/usa\/wp-json\/wp\/v2\/pages\/1193"}],"wp:attachment":[{"href":"https:\/\/www.europolish.com\/usa\/wp-json\/wp\/v2\/media?parent=1206"}],"curies":[{"name":"wp","href":"https:\/\/api.w.org\/{rel}","templated":true}]}}